{"id":7,"date":"2023-04-06T13:52:55","date_gmt":"2023-04-06T13:52:55","guid":{"rendered":"https:\/\/partnerafrica-senegal.hosting9.tn-rechenzentrum1.de\/?page_id=7"},"modified":"2024-07-17T16:42:48","modified_gmt":"2024-07-17T16:42:48","slug":"home","status":"publish","type":"page","link":"https:\/\/www.partnerafrica-senegal.org\/en\/","title":{"rendered":"Partnerafrica Senegal"},"content":{"rendered":"<div class=\"n2_clear\"><ss3-force-full-width data-overflow-x=\"body\" data-horizontal-selector=\"body\"><div class=\"n2-section-smartslider fitvidsignore  n2_clear\" data-ssid=\"4\"><div id=\"n2-ss-4-align\" class=\"n2-ss-align\"><div class=\"n2-padding\"><div id=\"n2-ss-4\" data-creator=\"Smart Slider 3\" data-responsive=\"fullwidth\" class=\"n2-ss-slider n2-ow n2-has-hover n2notransition  \">\n        <div class=\"n2-ss-slider-1 n2_ss__touch_element n2-ow\">\n            <div class=\"n2-ss-slider-2 n2-ow\">\n                                                <div class=\"n2-ss-slider-3 n2-ow\">\n\n                    <div class=\"n2-ss-slide-backgrounds n2-ow-all\"><div class=\"n2-ss-slide-background\" data-public-id=\"1\" data-mode=\"fill\"><div class=\"n2-ss-slide-background-image\" data-blur=\"0\" data-opacity=\"100\" data-x=\"50\" data-y=\"50\" data-alt=\"main banner\" data-title=\"\"><picture class=\"skip-lazy\" data-skip-lazy=\"1\"><img decoding=\"async\" src=\"\/\/www.partnerafrica-senegal.org\/wp-content\/uploads\/2023\/05\/banner-main.jpg\" alt=\"main banner\" title=\"\" loading=\"lazy\" class=\"skip-lazy\" data-skip-lazy=\"1\"><\/picture><\/div><div data-color=\"RGBA(255,255,255,1)\" style=\"background-color: RGBA(255,255,255,1);\" class=\"n2-ss-slide-background-color\"><\/div><\/div><\/div>                    <div class=\"n2-ss-slider-4 n2-ow\">\n                        <svg xmlns=\"http:\/\/www.w3.org\/2000\/svg\" viewBox=\"0 0 1200 600\" data-related-device=\"desktopPortrait\" class=\"n2-ow n2-ss-preserve-size n2-ss-preserve-size--slider n2-ss-slide-limiter\"><\/svg><div data-first=\"1\" data-slide-duration=\"0\" data-id=\"6\" data-slide-public-id=\"1\" data-title=\"slider-img1\" class=\"n2-ss-slide n2-ow  n2-ss-slide-6\"><div role=\"note\" class=\"n2-ss-slide--focus\" tabindex=\"-1\">slider-img1<\/div><div class=\"n2-ss-layers-container n2-ss-slide-limiter n2-ow\"><div class=\"n2-ss-layer n2-ow n-uc-4AOiDLUBHdZp\" data-sstype=\"slide\" data-pm=\"default\"><div class=\"n2-ss-layer n2-ow n-uc-0JGw6xPfHepC\" data-pm=\"default\" data-sstype=\"content\" data-hasbackground=\"0\"><div class=\"n2-ss-section-main-content n2-ss-layer-with-background n2-ss-layer-content n2-ow n-uc-0JGw6xPfHepC-inner\"><div class=\"n2-ss-layer n2-ow n-uc-saypkQljEmLc\" style=\"z-index:99999;\" data-pm=\"absolute\" data-responsiveposition=\"1\" data-desktopportraitleft=\"-333\" data-desktopportraittop=\"-150\" data-responsivesize=\"1\" data-desktopportraitwidth=\"1200\" data-desktopportraitheight=\"auto\" data-desktopportraitalign=\"center\" data-desktopportraitvalign=\"middle\" data-parentid=\"\" data-desktopportraitparentalign=\"center\" data-desktopportraitparentvalign=\"middle\" data-hidetabletportrait=\"1\" data-sstype=\"layer\"><div class=\" n2-ss-item-image-content n2-ss-item-content n2-ow-all\"><img decoding=\"async\" id=\"n2-ss-4item1\" alt=\"banner logo\" class=\"skip-lazy\" style=\"width:275px;height:auto\" data-skip-lazy=\"1\" src=\"\/\/www.partnerafrica-senegal.org\/wp-content\/uploads\/2023\/04\/logo-pa-senegal-1.svg\" \/><\/div><\/div><div class=\"n2-ss-layer n2-ow n-uc-RhdGhpMaJVob\" style=\"z-index:9999;\" data-pm=\"absolute\" data-responsiveposition=\"1\" data-desktopportraitleft=\"-333\" data-desktopportraittop=\"0\" data-responsivesize=\"1\" data-desktopportraitwidth=\"380\" data-desktopportraitheight=\"auto\" data-desktopportraitalign=\"center\" data-desktopportraitvalign=\"middle\" data-parentid=\"\" data-desktopportraitparentalign=\"center\" data-desktopportraitparentvalign=\"middle\" data-sstype=\"layer\"><div class=\"n2-ss-item-content n2-ss-text n2-ow-all\"><div class=\"\"><p class=\"n2-font-ac3c734fd1fd0ec647ca89cae31990f9-paragraph   \">The German-Senegalese Textile Business Partnership is a project that aims to actively participate in the revival of the Senegalese textile industry. The project is financed by the German Federal Ministry for Economic Cooperation and the Development and supported by Sequa GmbH.<\/p>\n<\/div><\/div><\/div><div class=\"n2-ss-layer n2-ow sliderButton n-uc-yjGSrs2sK7kD n2-ss-layer--auto\" style=\"z-index:99999;\" data-pm=\"absolute\" data-responsiveposition=\"1\" data-desktopportraitleft=\"-333\" data-desktopportraittop=\"140\" data-responsivesize=\"1\" data-desktopportraitwidth=\"130.781\" data-desktopportraitheight=\"auto\" data-desktopportraitalign=\"center\" data-desktopportraitvalign=\"middle\" data-parentid=\"\" data-desktopportraitparentalign=\"center\" data-desktopportraitparentvalign=\"middle\" data-sstype=\"layer\"><div class=\"n2-ss-button-container n2-ss-item-content n2-ow n2-font-176464dee0eea5b1ac11b21dab9b24d2-link  n2-ss-nowrap n2-ss-button-container--non-full-width\"><a class=\"n2-style-fd38549eee9ab23b7211fa4859786f10-heading  n2-ow \" href=\"https:\/\/partnerafrica-senegal.org\/en\/project\/\"><div><div>Learn more<\/div><\/div><\/a><\/div><\/div><div class=\"n2-ss-layer n2-ow n-uc-1624b2565d9c9\" style=\"z-index:5;\" data-pm=\"absolute\" data-responsiveposition=\"1\" data-desktopportraitleft=\"-333\" data-desktopportraittop=\"-100\" data-responsivesize=\"1\" data-desktopportraitwidth=\"1200\" data-desktopportraitheight=\"auto\" data-desktopportraitalign=\"right\" data-desktopportraitvalign=\"bottom\" data-parentid=\"\" data-desktopportraitparentalign=\"center\" data-desktopportraitparentvalign=\"middle\" data-hidetabletportrait=\"1\" data-sstype=\"layer\"><div class=\" n2-ss-item-image-content n2-ss-item-content n2-ow-all\"><img loading=\"lazy\" decoding=\"async\" id=\"n2-ss-4item4\" alt=\"\" class=\"skip-lazy\" style=\"width:auto;height:400px\" width=\"590\" height=\"535\" data-skip-lazy=\"1\" src=\"\/\/www.partnerafrica-senegal.org\/wp-content\/uploads\/2023\/05\/w-form-bg.png\" \/><\/div><\/div><div class=\"n2-ss-layer n2-ow animation-logo n-uc-F7HambzUPtnW\" style=\"z-index:100;\" data-pm=\"absolute\" data-responsiveposition=\"1\" data-desktopportraitleft=\"373\" data-desktopportraittop=\"92\" data-responsivesize=\"1\" data-desktopportraitwidth=\"457\" data-desktopportraitheight=\"auto\" data-desktopportraitalign=\"center\" data-desktopportraitvalign=\"middle\" data-parentid=\"\" data-desktopportraitparentalign=\"center\" data-desktopportraitparentvalign=\"middle\" data-sstype=\"layer\"><div class=\" n2-ss-item-image-content n2-ss-item-content n2-ow-all\"><a href=\"https:\/\/www.partnerafrica-senegal.org\/en\/gots-certification-for-the-senegalese-organic-coton\/\"><img loading=\"lazy\" decoding=\"async\" id=\"n2-ss-4item5\" alt=\"\" class=\"skip-lazy\" width=\"457\" height=\"232\" data-skip-lazy=\"1\" src=\"\/\/www.partnerafrica-senegal.org\/wp-content\/uploads\/2024\/12\/GOTS-logo-2.png\" \/><\/a><\/div><\/div><\/div><\/div><\/div><\/div><\/div>                    <\/div>\n\n                                    <\/div>\n            <\/div>\n        <\/div>\n        <\/div><ss3-loader><\/ss3-loader><\/div><\/div><div class=\"n2_clear\"><\/div><\/div><\/ss3-force-full-width><\/div>\n\n\n<div class=\"wp-block-columns parent123 is-layout-flex wp-container-core-columns-is-layout-9d6595d7 wp-block-columns-is-layout-flex\">\n<div class=\"wp-block-column pp1 is-layout-flow wp-block-column-is-layout-flow\">\n<figure class=\"wp-block-image size-large\"><img loading=\"lazy\" decoding=\"async\" width=\"183\" height=\"29\" src=\"https:\/\/partnerafrica-senegal.org\/wp-content\/uploads\/2023\/04\/logo-pa-senegal-1.svg\" alt=\"\" class=\"wp-image-1851\"\/><\/figure>\n\n\n\n<p class=\"ytext1\">The German-Senegalese Textile Business Partnership is a project that aims to actively participate in the revival of the Senegalese textile and organic cotton industry. The project is financed by the German Federal Ministry for Economic Cooperation and the Development and supported by Sequa GmbH.<\/p>\n\n\n\n<div class=\"wp-block-buttons is-content-justification-center is-layout-flex wp-container-core-buttons-is-layout-16018d1d wp-block-buttons-is-layout-flex\">\n<div class=\"wp-block-button gbutton1\"><a class=\"wp-block-button__link has-text-align-center wp-element-button\" href=\"https:\/\/partnerafrica-senegal.org\/en\/project1\/\">Learn more<\/a><\/div>\n<\/div>\n<\/div>\n<\/div>\n\n\n\n<div class=\"wp-block-columns section1_main is-layout-flex wp-container-core-columns-is-layout-9d6595d7 wp-block-columns-is-layout-flex\">\n<div class=\"wp-block-column section-inner f1 is-layout-flow wp-block-column-is-layout-flow\">\n<h2 class=\"wp-block-heading has-text-align-center stitle1\">A partnership for the future<\/h2>\n\n\n\n<div class=\"wp-block-columns are-vertically-aligned-center is-layout-flex wp-container-core-columns-is-layout-9d6595d7 wp-block-columns-is-layout-flex\">\n<div class=\"wp-block-column is-vertically-aligned-center is-layout-flow wp-block-column-is-layout-flow\">\n<figure class=\"wp-block-image size-large\"><img loading=\"lazy\" decoding=\"async\" width=\"688\" height=\"692\" src=\"https:\/\/partnerafrica-senegal.org\/wp-content\/uploads\/2023\/04\/Layer-307-1.svg\" alt=\"partnership\" class=\"wp-image-1270\"\/><\/figure>\n<\/div>\n\n\n\n<div class=\"wp-block-column is-vertically-aligned-center is-layout-flow wp-block-column-is-layout-flow\">\n<p>Sustainability is a major focus of our project, fueled by the increase in international demand of consumers for environmentally friendly and socially responsible products. The increase in international demand for renewable materials sustainably produced is a positive challenge for German and Senegalese textile and fashion companies. By working together on transparent value chains and compliance with internationally recognized standards, GESAMTMASCHE and all its partners are jointly striving to strengthen their business relationships while improving the production environment.<\/p>\n<\/div>\n<\/div>\n<\/div>\n<\/div>\n\n\n\n<div class=\"wp-block-columns section3_main is-layout-flex wp-container-core-columns-is-layout-9d6595d7 wp-block-columns-is-layout-flex\">\n<div class=\"wp-block-column section2 section-inner f1 is-layout-flow wp-block-column-is-layout-flow\">\n<div style=\"height:78px\" aria-hidden=\"true\" class=\"wp-block-spacer\"><\/div>\n\n\n\n<h2 class=\"wp-block-heading has-text-align-center stitle1\">The partnership<\/h2>\n\n\n\n<div class=\"wp-block-columns is-layout-flex wp-container-core-columns-is-layout-9d6595d7 wp-block-columns-is-layout-flex\">\n<div class=\"wp-block-column c1 is-layout-flow wp-block-column-is-layout-flow\"><div class=\"wp-block-image les1\">\n<figure class=\"aligncenter size-large\"><img loading=\"lazy\" decoding=\"async\" width=\"150\" height=\"30\" src=\"https:\/\/partnerafrica-senegal.org\/wp-content\/uploads\/2023\/04\/logo-gesamtmashe-1.svg\" alt=\"gesamtmasche partnership\" class=\"wp-image-1842\"\/><\/figure>\n<\/div>\n\n\n<p>Founded in 1916, the Confederation of the German Knitting Industry \u2013 GESAMTMASCHE \u2013 is the leading national trade association representing German producers of knitted fashion, bodywear and knitted fabrics for fashion and technical applications. German knitwear brands are internationally successful and hold a prominent market share in Europe. German knits have always been more than just fashion, they incorporate social trends, technical innovation, new materials and fashion culture. Unique design, the use of superior yarns and state-of-the-art technology form the basis of their international success. About 250 companies belong to the sector, this represents 7.8 billion Euros of exports per year.<\/p>\n<\/div>\n\n\n\n<div class=\"wp-block-column c2 is-layout-flow wp-block-column-is-layout-flow\"><div class=\"wp-block-image les2\">\n<figure class=\"aligncenter size-large\"><img loading=\"lazy\" decoding=\"async\" width=\"78\" height=\"90\" src=\"https:\/\/partnerafrica-senegal.org\/wp-content\/uploads\/2023\/04\/logo-sodefitex-1.svg\" alt=\"sodefitex partnership\" class=\"wp-image-1840\"\/><\/figure>\n<\/div>\n\n\n<p>Established in 1974, Sodefitex (Soci\u00e9t\u00e9 de d\u00e9veloppement et des fibres textiles) has as its mission the development of the cotton agro-industry in Senegal, particularly in the agro-ecological regions of Eastern Senegal and Upper Casamance, which are favorable to cotton growing. Sodefitex has been ISO 9001 certified since March 18, 2005, for &#8220;the purchase, transport and ginning of seed cotton, the production and marketing of cotton lint, seed and seed&#8221; (in 2014, the scope of certification was extended upstream to technical-commercial advice to partner farmers). It has five ginning plants with a capacity of 65,000 tons of seed cotton spread over the cities of Kahone, Tambacounda, K\u00e9dougou, V\u00e9lingara and Kolda. Sodefitex also has a 1,500-ton cotton seed production plant in V\u00e9lingara, in Upper Casamance, for the local market and for export. Sodefitex works closely with the F\u00e9d\u00e9ration Nationale des Producteurs de Coton (FNPC) and is a member of the Association S\u00e9n\u00e9galaise Interprofessionnelle du Coton (ASIC).<\/p>\n<\/div>\n<\/div>\n\n\n\n<div style=\"height:340px\" aria-hidden=\"true\" class=\"wp-block-spacer\"><\/div>\n<\/div>\n<\/div>\n","protected":false},"excerpt":{"rendered":"<p>The German-Senegalese Textile Business Partnership is a project that aims to actively participate in the revival of the Senegalese textile and organic cotton industry. The project is financed by the German Federal Ministry for Economic Cooperation and the Development and supported by Sequa GmbH. A partnership for the future Sustainability is a major focus of [&hellip;]<\/p>\n","protected":false},"author":1,"featured_media":0,"parent":0,"menu_order":0,"comment_status":"closed","ping_status":"closed","template":"","meta":{"_acf_changed":false,"inline_featured_image":false,"footnotes":""},"class_list":["post-7","page","type-page","status-publish","hentry"],"acf":[],"yoast_head":"<!-- This site is optimized with the Yoast SEO plugin v23.8 - https:\/\/yoast.com\/wordpress\/plugins\/seo\/ -->\n<title>Partnerafrica Senegal<\/title>\n<meta name=\"description\" content=\"PARTNER AFRICA SENEGAL : Find out more about the german and senegalese partnership for the increase of certfied organic cotton in Senegal.\" \/>\n<meta name=\"robots\" content=\"index, follow, max-snippet:-1, max-image-preview:large, max-video-preview:-1\" \/>\n<link rel=\"canonical\" href=\"https:\/\/www.partnerafrica-senegal.org\/en\/\" \/>\n<meta property=\"og:locale\" content=\"en_US\" \/>\n<meta property=\"og:type\" content=\"article\" \/>\n<meta property=\"og:title\" content=\"Partnerafrica Senegal\" \/>\n<meta property=\"og:description\" content=\"PARTNER AFRICA SENEGAL : Find out more about the german and senegalese partnership for the increase of certfied organic cotton in Senegal.\" \/>\n<meta property=\"og:url\" content=\"https:\/\/www.partnerafrica-senegal.org\/en\/\" \/>\n<meta property=\"og:site_name\" content=\"Partnerafrica Senegal\" \/>\n<meta property=\"article:modified_time\" content=\"2024-07-17T16:42:48+00:00\" \/>\n<meta property=\"og:image\" content=\"https:\/\/partnerafrica-senegal.org\/wp-content\/uploads\/2023\/04\/logo-pa-senegal-1.svg\" \/>\n<meta name=\"twitter:card\" content=\"summary_large_image\" \/>\n<meta name=\"twitter:label1\" content=\"Est. reading time\" \/>\n\t<meta name=\"twitter:data1\" content=\"3 minutes\" \/>\n<script type=\"application\/ld+json\" class=\"yoast-schema-graph\">{\"@context\":\"https:\/\/schema.org\",\"@graph\":[{\"@type\":\"WebPage\",\"@id\":\"https:\/\/www.partnerafrica-senegal.org\/en\/\",\"url\":\"https:\/\/www.partnerafrica-senegal.org\/en\/\",\"name\":\"Partnerafrica Senegal\",\"isPartOf\":{\"@id\":\"https:\/\/www.partnerafrica-senegal.org\/en\/#website\"},\"primaryImageOfPage\":{\"@id\":\"https:\/\/www.partnerafrica-senegal.org\/en\/#primaryimage\"},\"image\":{\"@id\":\"https:\/\/www.partnerafrica-senegal.org\/en\/#primaryimage\"},\"thumbnailUrl\":\"https:\/\/partnerafrica-senegal.org\/wp-content\/uploads\/2023\/04\/logo-pa-senegal-1.svg\",\"datePublished\":\"2023-04-06T13:52:55+00:00\",\"dateModified\":\"2024-07-17T16:42:48+00:00\",\"description\":\"PARTNER AFRICA SENEGAL : Find out more about the german and senegalese partnership for the increase of certfied organic cotton in Senegal.\",\"breadcrumb\":{\"@id\":\"https:\/\/www.partnerafrica-senegal.org\/en\/#breadcrumb\"},\"inLanguage\":\"en-US\",\"potentialAction\":[{\"@type\":\"ReadAction\",\"target\":[\"https:\/\/www.partnerafrica-senegal.org\/en\/\"]}]},{\"@type\":\"ImageObject\",\"inLanguage\":\"en-US\",\"@id\":\"https:\/\/www.partnerafrica-senegal.org\/en\/#primaryimage\",\"url\":\"https:\/\/partnerafrica-senegal.org\/wp-content\/uploads\/2023\/04\/logo-pa-senegal-1.svg\",\"contentUrl\":\"https:\/\/partnerafrica-senegal.org\/wp-content\/uploads\/2023\/04\/logo-pa-senegal-1.svg\"},{\"@type\":\"BreadcrumbList\",\"@id\":\"https:\/\/www.partnerafrica-senegal.org\/en\/#breadcrumb\",\"itemListElement\":[{\"@type\":\"ListItem\",\"position\":1,\"name\":\"Home\",\"item\":\"https:\/\/www.partnerafrica-senegal.org\/en\/\"},{\"@type\":\"ListItem\",\"position\":2,\"name\":\"Partnerafrica Senegal\"}]},{\"@type\":\"WebSite\",\"@id\":\"https:\/\/www.partnerafrica-senegal.org\/en\/#website\",\"url\":\"https:\/\/www.partnerafrica-senegal.org\/en\/\",\"name\":\"Partnerafrica Senegal\",\"description\":\"German-Ethiopian Textile Business Partnership\",\"publisher\":{\"@id\":\"https:\/\/www.partnerafrica-senegal.org\/en\/#organization\"},\"potentialAction\":[{\"@type\":\"SearchAction\",\"target\":{\"@type\":\"EntryPoint\",\"urlTemplate\":\"https:\/\/www.partnerafrica-senegal.org\/en\/?s={search_term_string}\"},\"query-input\":{\"@type\":\"PropertyValueSpecification\",\"valueRequired\":true,\"valueName\":\"search_term_string\"}}],\"inLanguage\":\"en-US\"},{\"@type\":\"Organization\",\"@id\":\"https:\/\/www.partnerafrica-senegal.org\/en\/#organization\",\"name\":\"Partnerafrica Senegal\",\"url\":\"https:\/\/www.partnerafrica-senegal.org\/en\/\",\"logo\":{\"@type\":\"ImageObject\",\"inLanguage\":\"en-US\",\"@id\":\"https:\/\/www.partnerafrica-senegal.org\/en\/#\/schema\/logo\/image\/\",\"url\":\"https:\/\/www.partnerafrica-senegal.org\/wp-content\/uploads\/2023\/04\/logo-gesamtmashe-1.svg\",\"contentUrl\":\"https:\/\/www.partnerafrica-senegal.org\/wp-content\/uploads\/2023\/04\/logo-gesamtmashe-1.svg\",\"width\":150,\"height\":30,\"caption\":\"Partnerafrica Senegal\"},\"image\":{\"@id\":\"https:\/\/www.partnerafrica-senegal.org\/en\/#\/schema\/logo\/image\/\"}}]}<\/script>\n<!-- \/ Yoast SEO plugin. -->","yoast_head_json":{"title":"Partnerafrica Senegal","description":"PARTNER AFRICA SENEGAL : Find out more about the german and senegalese partnership for the increase of certfied organic cotton in Senegal.","robots":{"index":"index","follow":"follow","max-snippet":"max-snippet:-1","max-image-preview":"max-image-preview:large","max-video-preview":"max-video-preview:-1"},"canonical":"https:\/\/www.partnerafrica-senegal.org\/en\/","og_locale":"en_US","og_type":"article","og_title":"Partnerafrica Senegal","og_description":"PARTNER AFRICA SENEGAL : Find out more about the german and senegalese partnership for the increase of certfied organic cotton in Senegal.","og_url":"https:\/\/www.partnerafrica-senegal.org\/en\/","og_site_name":"Partnerafrica Senegal","article_modified_time":"2024-07-17T16:42:48+00:00","og_image":[{"url":"https:\/\/partnerafrica-senegal.org\/wp-content\/uploads\/2023\/04\/logo-pa-senegal-1.svg"}],"twitter_card":"summary_large_image","twitter_misc":{"Est. reading time":"3 minutes"},"schema":{"@context":"https:\/\/schema.org","@graph":[{"@type":"WebPage","@id":"https:\/\/www.partnerafrica-senegal.org\/en\/","url":"https:\/\/www.partnerafrica-senegal.org\/en\/","name":"Partnerafrica Senegal","isPartOf":{"@id":"https:\/\/www.partnerafrica-senegal.org\/en\/#website"},"primaryImageOfPage":{"@id":"https:\/\/www.partnerafrica-senegal.org\/en\/#primaryimage"},"image":{"@id":"https:\/\/www.partnerafrica-senegal.org\/en\/#primaryimage"},"thumbnailUrl":"https:\/\/partnerafrica-senegal.org\/wp-content\/uploads\/2023\/04\/logo-pa-senegal-1.svg","datePublished":"2023-04-06T13:52:55+00:00","dateModified":"2024-07-17T16:42:48+00:00","description":"PARTNER AFRICA SENEGAL : Find out more about the german and senegalese partnership for the increase of certfied organic cotton in Senegal.","breadcrumb":{"@id":"https:\/\/www.partnerafrica-senegal.org\/en\/#breadcrumb"},"inLanguage":"en-US","potentialAction":[{"@type":"ReadAction","target":["https:\/\/www.partnerafrica-senegal.org\/en\/"]}]},{"@type":"ImageObject","inLanguage":"en-US","@id":"https:\/\/www.partnerafrica-senegal.org\/en\/#primaryimage","url":"https:\/\/partnerafrica-senegal.org\/wp-content\/uploads\/2023\/04\/logo-pa-senegal-1.svg","contentUrl":"https:\/\/partnerafrica-senegal.org\/wp-content\/uploads\/2023\/04\/logo-pa-senegal-1.svg"},{"@type":"BreadcrumbList","@id":"https:\/\/www.partnerafrica-senegal.org\/en\/#breadcrumb","itemListElement":[{"@type":"ListItem","position":1,"name":"Home","item":"https:\/\/www.partnerafrica-senegal.org\/en\/"},{"@type":"ListItem","position":2,"name":"Partnerafrica Senegal"}]},{"@type":"WebSite","@id":"https:\/\/www.partnerafrica-senegal.org\/en\/#website","url":"https:\/\/www.partnerafrica-senegal.org\/en\/","name":"Partnerafrica Senegal","description":"German-Ethiopian Textile Business Partnership","publisher":{"@id":"https:\/\/www.partnerafrica-senegal.org\/en\/#organization"},"potentialAction":[{"@type":"SearchAction","target":{"@type":"EntryPoint","urlTemplate":"https:\/\/www.partnerafrica-senegal.org\/en\/?s={search_term_string}"},"query-input":{"@type":"PropertyValueSpecification","valueRequired":true,"valueName":"search_term_string"}}],"inLanguage":"en-US"},{"@type":"Organization","@id":"https:\/\/www.partnerafrica-senegal.org\/en\/#organization","name":"Partnerafrica Senegal","url":"https:\/\/www.partnerafrica-senegal.org\/en\/","logo":{"@type":"ImageObject","inLanguage":"en-US","@id":"https:\/\/www.partnerafrica-senegal.org\/en\/#\/schema\/logo\/image\/","url":"https:\/\/www.partnerafrica-senegal.org\/wp-content\/uploads\/2023\/04\/logo-gesamtmashe-1.svg","contentUrl":"https:\/\/www.partnerafrica-senegal.org\/wp-content\/uploads\/2023\/04\/logo-gesamtmashe-1.svg","width":150,"height":30,"caption":"Partnerafrica Senegal"},"image":{"@id":"https:\/\/www.partnerafrica-senegal.org\/en\/#\/schema\/logo\/image\/"}}]}},"_links":{"self":[{"href":"https:\/\/www.partnerafrica-senegal.org\/en\/wp-json\/wp\/v2\/pages\/7","targetHints":{"allow":["GET"]}}],"collection":[{"href":"https:\/\/www.partnerafrica-senegal.org\/en\/wp-json\/wp\/v2\/pages"}],"about":[{"href":"https:\/\/www.partnerafrica-senegal.org\/en\/wp-json\/wp\/v2\/types\/page"}],"author":[{"embeddable":true,"href":"https:\/\/www.partnerafrica-senegal.org\/en\/wp-json\/wp\/v2\/users\/1"}],"replies":[{"embeddable":true,"href":"https:\/\/www.partnerafrica-senegal.org\/en\/wp-json\/wp\/v2\/comments?post=7"}],"version-history":[{"count":90,"href":"https:\/\/www.partnerafrica-senegal.org\/en\/wp-json\/wp\/v2\/pages\/7\/revisions"}],"predecessor-version":[{"id":2552,"href":"https:\/\/www.partnerafrica-senegal.org\/en\/wp-json\/wp\/v2\/pages\/7\/revisions\/2552"}],"wp:attachment":[{"href":"https:\/\/www.partnerafrica-senegal.org\/en\/wp-json\/wp\/v2\/media?parent=7"}],"curies":[{"name":"wp","href":"https:\/\/api.w.org\/{rel}","templated":true}]}}