{"id":56,"date":"2023-04-06T14:45:55","date_gmt":"2023-04-06T14:45:55","guid":{"rendered":"https:\/\/partnerafrica-senegal.hosting9.tn-rechenzentrum1.de\/index.php\/companies\/"},"modified":"2023-05-09T15:23:03","modified_gmt":"2023-05-09T15:23:03","slug":"nos-partenaires","status":"publish","type":"page","link":"https:\/\/www.partnerafrica-senegal.org\/fr\/nos-partenaires\/","title":{"rendered":"Nos Partenaires"},"content":{"rendered":"\n<div class=\"wp-block-columns is-layout-flex wp-container-core-columns-is-layout-9d6595d7 wp-block-columns-is-layout-flex\">\n<div class=\"wp-block-column is-layout-flow wp-block-column-is-layout-flow\">    <div class=\"companies_container\">\n        <DIV CLASS=\"sep30\"> &nbsp;<\/DIV>\n        <form action=\"\" name=\"\" id=\"all_services_list\" method=\"POST\">\n            <div   id=\"services_select\" ><div    id=\"services_list_select_first\" >Prestations de service <span>\u25bc<\/span><\/div><div    id=\"services_list_select\" ><div value=\"-1\"><input type=\"checkbox\"   name=\"all_services\" id=\"alll\"\/>All services<\/div><\/div><\/div>            <!--<a href=\"\" class=\"all_servs_link\"><div>clear filter<\/div><\/a>-->\n             <input type=\"submit\" value=\"Filtre\"  class=\"filter_submit\"\/>\n        <\/form>\n\n        <div class=\"pagination_div\">\n            <div id=\"pagingControls\"><\/div>\n        <\/div>\n        <DIV CLASS=\"sep30\"> &nbsp;<\/DIV>\n\n    <\/div>\n    <div class=\"companies_container comp_list\">\n        <ul id=\"companiels_list\">\n                                <li>\n                        <div class=\"comp_element_div\">\n                            <div class=\"compans_inner\">\n                                <div class=\"two column\">\n                                    <div class=\"comp_img_bg  \"  >\n                                                                                <img decoding=\"async\" src=\"https:\/\/www.partnerafrica-senegal.org\/wp-content\/uploads\/2023\/05\/img1.png\" \/>\n                                                                            <\/div>\n                                <\/div>\n                                <div class=\"ten column\">\n                                    <div class=\"comps_right_wrapper\">\n                                        <div class=\"twelve column\">\n                                            <div class=\"comp_right_title\">\n                                                <div class=\"cp_title\">\n                                                    ELEPHANT VERT SENEGAL                                                <\/div>\n                                                <div class=\"cp_more\">\n                                                    <a href=\"https:\/\/www.partnerafrica-senegal.org\/fr\/entreprise\/elephant-vert-senegal-sasu\/\">en savoir plus ><\/a>\n                                                <\/div>\n                                            <\/div>\n                                        <\/div>\n                                        <div class=\"twelve column\">\n                                            <div class=\"copanies_right_wrapper\">\n                                                <div class=\"four column\">\n                                                                                                                <div class=\"comp_all_name\">\n                                                                Adresse:\n                                                            <\/div>\n                                                            <div class=\"comp_address_all_value\">\n                                                                Thi\u00e8s: Quartier IV sur la route de Sindia en face de la pharmacie Mame Awa Ndiaye \u00e0 4 km de la sortie de l'autoroute \u00e0 p\u00e9age de Thi\u00e8s                                                            <\/div>\n\n                                                            <div class=\"clear\"> &nbsp;<\/div>\n                                                        \n                                                                                                        <div class=\"comp_all_name\">\n                                                            Personne de contact:\n                                                        <\/div>\n                                                        <div class=\"comp_address_all_value\">\n                                                            Mme Ndoumbe Ndiaye                                                        <\/div>\n                                                    \n                                                        \n                                                                                                                <div class=\"comp_all_name\">\n                                                                E-Mail:\n                                                            <\/div>\n                                                            <div class=\"comp_address_all_value\">\n                                                                <a href=\"mailto:ndoumbe.ndiaye@elephant-vert.com\">ndoumbe.ndiaye@elephant-vert.com<\/a>\n                                                            <\/div>\n                                                        \n                                                                                                                <div class=\"comp_all_name\">\n                                                                T\u00e9l\u00e9phone:\n                                                            <\/div>\n                                                            <div class=\"comp_address_all_value\">\n                                                                <a href=\"tel:221777624601\">221777624601<\/a>\n                                                            <\/div>\n                                                        \n                                                    <div class=\"clear\"> &nbsp;<\/div>\n                                                                                                        <div class=\"clear\"> &nbsp;<\/div>\n                                                <\/div>\n                                                \n\t\t\t\t\t\t\t\t\t\t\t\t<div class=\"eight column\">\n                                               \n\n\t                                                \t\t\t\t\t\t\t\t\t\t\t\t<\/div>\n\n                                            <\/div>\n                                        <\/div>\n                                    <\/div>\n                                <\/div>\n                                <div class=\"clear\"> &nbsp;<\/div>\n                            <\/div>\n                        <\/div>\n                        <div class=\"sep20\"> &nbsp;<\/div>\n                    <\/li>\n                                        <li>\n                        <div class=\"comp_element_div\">\n                            <div class=\"compans_inner\">\n                                <div class=\"two column\">\n                                    <div class=\"comp_img_bg  \"  >\n                                                                                <img decoding=\"async\" src=\"https:\/\/www.partnerafrica-senegal.org\/wp-content\/uploads\/2023\/05\/verateclogo.svg\" \/>\n                                                                            <\/div>\n                                <\/div>\n                                <div class=\"ten column\">\n                                    <div class=\"comps_right_wrapper\">\n                                        <div class=\"twelve column\">\n                                            <div class=\"comp_right_title\">\n                                                <div class=\"cp_title\">\n                                                    VERATEC SENEGAL                                                <\/div>\n                                                <div class=\"cp_more\">\n                                                    <a href=\"https:\/\/www.partnerafrica-senegal.org\/fr\/entreprise\/veratecsenegal\/\">en savoir plus ><\/a>\n                                                <\/div>\n                                            <\/div>\n                                        <\/div>\n                                        <div class=\"twelve column\">\n                                            <div class=\"copanies_right_wrapper\">\n                                                <div class=\"four column\">\n                                                                                                                <div class=\"comp_all_name\">\n                                                                Adresse:\n                                                            <\/div>\n                                                            <div class=\"comp_address_all_value\">\n                                                                Route de l\u2019a\u00e9roport, Lot No:05, Cit\u00e9 Biagui \/ Yoff                                                            <\/div>\n\n                                                            <div class=\"clear\"> &nbsp;<\/div>\n                                                        \n                                                                                                        <div class=\"comp_all_name\">\n                                                            Personne de contact:\n                                                        <\/div>\n                                                        <div class=\"comp_address_all_value\">\n                                                            M. Mouhamed TASCI                                                        <\/div>\n                                                    \n                                                        \n                                                                                                                <div class=\"comp_all_name\">\n                                                                E-Mail:\n                                                            <\/div>\n                                                            <div class=\"comp_address_all_value\">\n                                                                <a href=\"mailto:veratecsenegal@outlook.fr\">veratecsenegal@outlook.fr<\/a>\n                                                            <\/div>\n                                                        \n                                                                                                                <div class=\"comp_all_name\">\n                                                                T\u00e9l\u00e9phone:\n                                                            <\/div>\n                                                            <div class=\"comp_address_all_value\">\n                                                                <a href=\"tel:221772549907\">221772549907<\/a>\n                                                            <\/div>\n                                                        \n                                                    <div class=\"clear\"> &nbsp;<\/div>\n                                                                                                        <div class=\"clear\"> &nbsp;<\/div>\n                                                <\/div>\n                                                \n\t\t\t\t\t\t\t\t\t\t\t\t<div class=\"eight column\">\n                                               \n\n\t                                                \t\t\t\t\t\t\t\t\t\t\t\t<\/div>\n\n                                            <\/div>\n                                        <\/div>\n                                    <\/div>\n                                <\/div>\n                                <div class=\"clear\"> &nbsp;<\/div>\n                            <\/div>\n                        <\/div>\n                        <div class=\"sep20\"> &nbsp;<\/div>\n                    <\/li>\n                            <\/ul>\n    <\/div>\n\n\t\n<\/div>\n<\/div>\n\n\n\n<div class=\"wp-block-columns compBg123 is-layout-flex wp-container-core-columns-is-layout-9d6595d7 wp-block-columns-is-layout-flex\">\n<div class=\"wp-block-column companies_bg123 is-layout-flow wp-block-column-is-layout-flow\">\n<h2 class=\"wp-block-heading has-text-align-center txt1\">Vous voulez nous rejoindre sur la route ?<\/h2>\n\n\n\n<div style=\"height:15px\" aria-hidden=\"true\" class=\"wp-block-spacer\"><\/div>\n\n\n\n<div class=\"wp-block-buttons is-content-justification-center is-layout-flex wp-container-core-buttons-is-layout-16018d1d wp-block-buttons-is-layout-flex\">\n<div class=\"wp-block-button c3_buttonLink\"><a class=\"wp-block-button__link wp-element-button\" href=\"https:\/\/partnerafrica-senegal.org\/fr\/contact\/\">Contactez-nous<\/a><\/div>\n<\/div>\n\n\n\n<div style=\"height:100px\" aria-hidden=\"true\" class=\"wp-block-spacer\"><\/div>\n<\/div>\n<\/div>\n","protected":false},"excerpt":{"rendered":"<p>Vous voulez nous rejoindre sur la route ?<\/p>\n","protected":false},"author":1,"featured_media":2216,"parent":0,"menu_order":0,"comment_status":"closed","ping_status":"closed","template":"","meta":{"_acf_changed":false,"inline_featured_image":false,"footnotes":""},"class_list":["post-56","page","type-page","status-publish","has-post-thumbnail","hentry"],"acf":[],"yoast_head":"<!-- This site is optimized with the Yoast SEO plugin v23.8 - https:\/\/yoast.com\/wordpress\/plugins\/seo\/ -->\n<title>Nos Partenaires - Partnerafrica Senegal<\/title>\n<meta name=\"robots\" content=\"index, follow, max-snippet:-1, max-image-preview:large, max-video-preview:-1\" \/>\n<link rel=\"canonical\" href=\"https:\/\/www.partnerafrica-senegal.org\/fr\/nos-partenaires\/\" \/>\n<meta property=\"og:locale\" content=\"fr_FR\" \/>\n<meta property=\"og:type\" content=\"article\" \/>\n<meta property=\"og:title\" content=\"Nos Partenaires - Partnerafrica Senegal\" \/>\n<meta property=\"og:description\" content=\"Vous voulez nous rejoindre sur la route ?\" \/>\n<meta property=\"og:url\" content=\"https:\/\/www.partnerafrica-senegal.org\/fr\/nos-partenaires\/\" \/>\n<meta property=\"og:site_name\" content=\"Partnerafrica Senegal\" \/>\n<meta property=\"article:modified_time\" content=\"2023-05-09T15:23:03+00:00\" \/>\n<meta property=\"og:image\" content=\"https:\/\/www.partnerafrica-senegal.org\/wp-content\/uploads\/2023\/05\/banner04c777-1-scaled.jpg\" \/>\n\t<meta property=\"og:image:width\" content=\"2560\" \/>\n\t<meta property=\"og:image:height\" content=\"239\" \/>\n\t<meta property=\"og:image:type\" content=\"image\/jpeg\" \/>\n<meta name=\"twitter:card\" content=\"summary_large_image\" \/>\n<script type=\"application\/ld+json\" class=\"yoast-schema-graph\">{\"@context\":\"https:\/\/schema.org\",\"@graph\":[{\"@type\":\"WebPage\",\"@id\":\"https:\/\/www.partnerafrica-senegal.org\/fr\/nos-partenaires\/\",\"url\":\"https:\/\/www.partnerafrica-senegal.org\/fr\/nos-partenaires\/\",\"name\":\"Nos Partenaires - Partnerafrica Senegal\",\"isPartOf\":{\"@id\":\"https:\/\/www.partnerafrica-senegal.org\/en\/#website\"},\"primaryImageOfPage\":{\"@id\":\"https:\/\/www.partnerafrica-senegal.org\/fr\/nos-partenaires\/#primaryimage\"},\"image\":{\"@id\":\"https:\/\/www.partnerafrica-senegal.org\/fr\/nos-partenaires\/#primaryimage\"},\"thumbnailUrl\":\"https:\/\/www.partnerafrica-senegal.org\/wp-content\/uploads\/2023\/05\/banner04c777-1-scaled.jpg\",\"datePublished\":\"2023-04-06T14:45:55+00:00\",\"dateModified\":\"2023-05-09T15:23:03+00:00\",\"breadcrumb\":{\"@id\":\"https:\/\/www.partnerafrica-senegal.org\/fr\/nos-partenaires\/#breadcrumb\"},\"inLanguage\":\"fr-FR\",\"potentialAction\":[{\"@type\":\"ReadAction\",\"target\":[\"https:\/\/www.partnerafrica-senegal.org\/fr\/nos-partenaires\/\"]}]},{\"@type\":\"ImageObject\",\"inLanguage\":\"fr-FR\",\"@id\":\"https:\/\/www.partnerafrica-senegal.org\/fr\/nos-partenaires\/#primaryimage\",\"url\":\"https:\/\/www.partnerafrica-senegal.org\/wp-content\/uploads\/2023\/05\/banner04c777-1-scaled.jpg\",\"contentUrl\":\"https:\/\/www.partnerafrica-senegal.org\/wp-content\/uploads\/2023\/05\/banner04c777-1-scaled.jpg\",\"width\":2560,\"height\":239},{\"@type\":\"BreadcrumbList\",\"@id\":\"https:\/\/www.partnerafrica-senegal.org\/fr\/nos-partenaires\/#breadcrumb\",\"itemListElement\":[{\"@type\":\"ListItem\",\"position\":1,\"name\":\"Home\",\"item\":\"https:\/\/www.partnerafrica-senegal.org\/fr\/\"},{\"@type\":\"ListItem\",\"position\":2,\"name\":\"Nos Partenaires\"}]},{\"@type\":\"WebSite\",\"@id\":\"https:\/\/www.partnerafrica-senegal.org\/en\/#website\",\"url\":\"https:\/\/www.partnerafrica-senegal.org\/en\/\",\"name\":\"Partnerafrica Senegal\",\"description\":\"German-Ethiopian Textile Business Partnership\",\"publisher\":{\"@id\":\"https:\/\/www.partnerafrica-senegal.org\/en\/#organization\"},\"potentialAction\":[{\"@type\":\"SearchAction\",\"target\":{\"@type\":\"EntryPoint\",\"urlTemplate\":\"https:\/\/www.partnerafrica-senegal.org\/en\/?s={search_term_string}\"},\"query-input\":{\"@type\":\"PropertyValueSpecification\",\"valueRequired\":true,\"valueName\":\"search_term_string\"}}],\"inLanguage\":\"fr-FR\"},{\"@type\":\"Organization\",\"@id\":\"https:\/\/www.partnerafrica-senegal.org\/en\/#organization\",\"name\":\"Partnerafrica Senegal\",\"url\":\"https:\/\/www.partnerafrica-senegal.org\/en\/\",\"logo\":{\"@type\":\"ImageObject\",\"inLanguage\":\"fr-FR\",\"@id\":\"https:\/\/www.partnerafrica-senegal.org\/en\/#\/schema\/logo\/image\/\",\"url\":\"https:\/\/www.partnerafrica-senegal.org\/wp-content\/uploads\/2023\/04\/logo-gesamtmashe-1.svg\",\"contentUrl\":\"https:\/\/www.partnerafrica-senegal.org\/wp-content\/uploads\/2023\/04\/logo-gesamtmashe-1.svg\",\"width\":150,\"height\":30,\"caption\":\"Partnerafrica Senegal\"},\"image\":{\"@id\":\"https:\/\/www.partnerafrica-senegal.org\/en\/#\/schema\/logo\/image\/\"}}]}<\/script>\n<!-- \/ Yoast SEO plugin. -->","yoast_head_json":{"title":"Nos Partenaires - Partnerafrica Senegal","robots":{"index":"index","follow":"follow","max-snippet":"max-snippet:-1","max-image-preview":"max-image-preview:large","max-video-preview":"max-video-preview:-1"},"canonical":"https:\/\/www.partnerafrica-senegal.org\/fr\/nos-partenaires\/","og_locale":"fr_FR","og_type":"article","og_title":"Nos Partenaires - Partnerafrica Senegal","og_description":"Vous voulez nous rejoindre sur la route ?","og_url":"https:\/\/www.partnerafrica-senegal.org\/fr\/nos-partenaires\/","og_site_name":"Partnerafrica Senegal","article_modified_time":"2023-05-09T15:23:03+00:00","og_image":[{"width":2560,"height":239,"url":"https:\/\/www.partnerafrica-senegal.org\/wp-content\/uploads\/2023\/05\/banner04c777-1-scaled.jpg","type":"image\/jpeg"}],"twitter_card":"summary_large_image","schema":{"@context":"https:\/\/schema.org","@graph":[{"@type":"WebPage","@id":"https:\/\/www.partnerafrica-senegal.org\/fr\/nos-partenaires\/","url":"https:\/\/www.partnerafrica-senegal.org\/fr\/nos-partenaires\/","name":"Nos Partenaires - Partnerafrica Senegal","isPartOf":{"@id":"https:\/\/www.partnerafrica-senegal.org\/en\/#website"},"primaryImageOfPage":{"@id":"https:\/\/www.partnerafrica-senegal.org\/fr\/nos-partenaires\/#primaryimage"},"image":{"@id":"https:\/\/www.partnerafrica-senegal.org\/fr\/nos-partenaires\/#primaryimage"},"thumbnailUrl":"https:\/\/www.partnerafrica-senegal.org\/wp-content\/uploads\/2023\/05\/banner04c777-1-scaled.jpg","datePublished":"2023-04-06T14:45:55+00:00","dateModified":"2023-05-09T15:23:03+00:00","breadcrumb":{"@id":"https:\/\/www.partnerafrica-senegal.org\/fr\/nos-partenaires\/#breadcrumb"},"inLanguage":"fr-FR","potentialAction":[{"@type":"ReadAction","target":["https:\/\/www.partnerafrica-senegal.org\/fr\/nos-partenaires\/"]}]},{"@type":"ImageObject","inLanguage":"fr-FR","@id":"https:\/\/www.partnerafrica-senegal.org\/fr\/nos-partenaires\/#primaryimage","url":"https:\/\/www.partnerafrica-senegal.org\/wp-content\/uploads\/2023\/05\/banner04c777-1-scaled.jpg","contentUrl":"https:\/\/www.partnerafrica-senegal.org\/wp-content\/uploads\/2023\/05\/banner04c777-1-scaled.jpg","width":2560,"height":239},{"@type":"BreadcrumbList","@id":"https:\/\/www.partnerafrica-senegal.org\/fr\/nos-partenaires\/#breadcrumb","itemListElement":[{"@type":"ListItem","position":1,"name":"Home","item":"https:\/\/www.partnerafrica-senegal.org\/fr\/"},{"@type":"ListItem","position":2,"name":"Nos Partenaires"}]},{"@type":"WebSite","@id":"https:\/\/www.partnerafrica-senegal.org\/en\/#website","url":"https:\/\/www.partnerafrica-senegal.org\/en\/","name":"Partnerafrica Senegal","description":"German-Ethiopian Textile Business Partnership","publisher":{"@id":"https:\/\/www.partnerafrica-senegal.org\/en\/#organization"},"potentialAction":[{"@type":"SearchAction","target":{"@type":"EntryPoint","urlTemplate":"https:\/\/www.partnerafrica-senegal.org\/en\/?s={search_term_string}"},"query-input":{"@type":"PropertyValueSpecification","valueRequired":true,"valueName":"search_term_string"}}],"inLanguage":"fr-FR"},{"@type":"Organization","@id":"https:\/\/www.partnerafrica-senegal.org\/en\/#organization","name":"Partnerafrica Senegal","url":"https:\/\/www.partnerafrica-senegal.org\/en\/","logo":{"@type":"ImageObject","inLanguage":"fr-FR","@id":"https:\/\/www.partnerafrica-senegal.org\/en\/#\/schema\/logo\/image\/","url":"https:\/\/www.partnerafrica-senegal.org\/wp-content\/uploads\/2023\/04\/logo-gesamtmashe-1.svg","contentUrl":"https:\/\/www.partnerafrica-senegal.org\/wp-content\/uploads\/2023\/04\/logo-gesamtmashe-1.svg","width":150,"height":30,"caption":"Partnerafrica Senegal"},"image":{"@id":"https:\/\/www.partnerafrica-senegal.org\/en\/#\/schema\/logo\/image\/"}}]}},"_links":{"self":[{"href":"https:\/\/www.partnerafrica-senegal.org\/fr\/wp-json\/wp\/v2\/pages\/56","targetHints":{"allow":["GET"]}}],"collection":[{"href":"https:\/\/www.partnerafrica-senegal.org\/fr\/wp-json\/wp\/v2\/pages"}],"about":[{"href":"https:\/\/www.partnerafrica-senegal.org\/fr\/wp-json\/wp\/v2\/types\/page"}],"author":[{"embeddable":true,"href":"https:\/\/www.partnerafrica-senegal.org\/fr\/wp-json\/wp\/v2\/users\/1"}],"replies":[{"embeddable":true,"href":"https:\/\/www.partnerafrica-senegal.org\/fr\/wp-json\/wp\/v2\/comments?post=56"}],"version-history":[{"count":17,"href":"https:\/\/www.partnerafrica-senegal.org\/fr\/wp-json\/wp\/v2\/pages\/56\/revisions"}],"predecessor-version":[{"id":2123,"href":"https:\/\/www.partnerafrica-senegal.org\/fr\/wp-json\/wp\/v2\/pages\/56\/revisions\/2123"}],"wp:featuredmedia":[{"embeddable":true,"href":"https:\/\/www.partnerafrica-senegal.org\/fr\/wp-json\/wp\/v2\/media\/2216"}],"wp:attachment":[{"href":"https:\/\/www.partnerafrica-senegal.org\/fr\/wp-json\/wp\/v2\/media?parent=56"}],"curies":[{"name":"wp","href":"https:\/\/api.w.org\/{rel}","templated":true}]}}