{"id":57,"date":"2023-04-06T13:52:55","date_gmt":"2023-04-06T13:52:55","guid":{"rendered":"https:\/\/partnerafrica-senegal.hosting9.tn-rechenzentrum1.de\/index.php\/start\/"},"modified":"2024-07-17T15:51:49","modified_gmt":"2024-07-17T15:51:49","slug":"accueil","status":"publish","type":"page","link":"https:\/\/www.partnerafrica-senegal.org\/fr\/","title":{"rendered":"Partnerafrica Senegal"},"content":{"rendered":"<div class=\"n2_clear\"><ss3-force-full-width data-overflow-x=\"body\" data-horizontal-selector=\"body\"><div class=\"n2-section-smartslider fitvidsignore  n2_clear\" data-ssid=\"3\"><div id=\"n2-ss-3-align\" class=\"n2-ss-align\"><div class=\"n2-padding\"><div id=\"n2-ss-3\" data-creator=\"Smart Slider 3\" data-responsive=\"fullwidth\" class=\"n2-ss-slider n2-ow n2-has-hover n2notransition  \">\n        <div class=\"n2-ss-slider-1 n2_ss__touch_element n2-ow\">\n            <div class=\"n2-ss-slider-2 n2-ow\">\n                                                <div class=\"n2-ss-slider-3 n2-ow\">\n\n                    <div class=\"n2-ss-slide-backgrounds n2-ow-all\"><div class=\"n2-ss-slide-background\" data-public-id=\"1\" data-mode=\"fill\"><div class=\"n2-ss-slide-background-image\" data-blur=\"0\" data-opacity=\"100\" data-x=\"50\" data-y=\"50\" data-alt=\"main banner\" data-title=\"\"><picture class=\"skip-lazy\" data-skip-lazy=\"1\"><img decoding=\"async\" src=\"\/\/www.partnerafrica-senegal.org\/wp-content\/uploads\/2023\/05\/banner-main.jpg\" alt=\"main banner\" title=\"\" loading=\"lazy\" class=\"skip-lazy\" data-skip-lazy=\"1\"><\/picture><\/div><div data-color=\"RGBA(255,255,255,1)\" style=\"background-color: RGBA(255,255,255,1);\" class=\"n2-ss-slide-background-color\"><\/div><\/div><\/div>                    <div class=\"n2-ss-slider-4 n2-ow\">\n                        <svg xmlns=\"http:\/\/www.w3.org\/2000\/svg\" viewBox=\"0 0 1200 600\" data-related-device=\"desktopPortrait\" class=\"n2-ow n2-ss-preserve-size n2-ss-preserve-size--slider n2-ss-slide-limiter\"><\/svg><div data-first=\"1\" data-slide-duration=\"0\" data-id=\"5\" data-slide-public-id=\"1\" data-title=\"slider-img1\" class=\"n2-ss-slide n2-ow  n2-ss-slide-5\"><div role=\"note\" class=\"n2-ss-slide--focus\" tabindex=\"-1\">slider-img1<\/div><div class=\"n2-ss-layers-container n2-ss-slide-limiter n2-ow\"><div class=\"n2-ss-layer n2-ow n-uc-7cWyleIf8GQR\" data-sstype=\"slide\" data-pm=\"default\"><div class=\"n2-ss-layer n2-ow n-uc-9j6EBiIVBYpO\" data-pm=\"default\" data-sstype=\"content\" data-hasbackground=\"0\"><div class=\"n2-ss-section-main-content n2-ss-layer-with-background n2-ss-layer-content n2-ow n-uc-9j6EBiIVBYpO-inner\"><div class=\"n2-ss-layer n2-ow n-uc-dKi9NwQH81tr\" data-pm=\"absolute\" data-responsiveposition=\"1\" data-desktopportraitleft=\"-333\" data-desktopportraittop=\"0\" data-responsivesize=\"1\" data-desktopportraitwidth=\"1200\" data-desktopportraitheight=\"auto\" data-desktopportraitalign=\"center\" data-desktopportraitvalign=\"middle\" data-parentid=\"\" data-desktopportraitparentalign=\"center\" data-desktopportraitparentvalign=\"middle\" data-sstype=\"layer\"><div class=\" n2-ss-item-image-content n2-ss-item-content n2-ow-all\"><img loading=\"lazy\" decoding=\"async\" id=\"n2-ss-3item1\" alt=\"\" class=\"skip-lazy\" style=\"width:auto;height:400px\" width=\"590\" height=\"535\" data-skip-lazy=\"1\" src=\"\/\/www.partnerafrica-senegal.org\/wp-content\/uploads\/2023\/05\/w-form-bg.png\" \/><\/div><\/div><div class=\"n2-ss-layer n2-ow n-uc-vfhXLkRk6c8P\" style=\"z-index:99999;\" data-pm=\"absolute\" data-responsiveposition=\"1\" data-desktopportraitleft=\"-333\" data-desktopportraittop=\"-150\" data-responsivesize=\"1\" data-desktopportraitwidth=\"1200\" data-desktopportraitheight=\"auto\" data-desktopportraitalign=\"center\" data-desktopportraitvalign=\"middle\" data-parentid=\"\" data-desktopportraitparentalign=\"center\" data-desktopportraitparentvalign=\"middle\" data-sstype=\"layer\"><div class=\" n2-ss-item-image-content n2-ss-item-content n2-ow-all\"><img decoding=\"async\" id=\"n2-ss-3item2\" alt=\"\" class=\"skip-lazy\" style=\"width:275px;height:auto\" data-skip-lazy=\"1\" src=\"\/\/www.partnerafrica-senegal.org\/wp-content\/uploads\/2023\/04\/logo-pa-senegal-1.svg\" \/><\/div><\/div><div class=\"n2-ss-layer n2-ow n-uc-D79uA5VufDIW\" style=\"z-index:99999;\" data-pm=\"absolute\" data-responsiveposition=\"1\" data-desktopportraitleft=\"-333\" data-desktopportraittop=\"0\" data-responsivesize=\"1\" data-desktopportraitwidth=\"380\" data-desktopportraitheight=\"auto\" data-desktopportraitalign=\"center\" data-desktopportraitvalign=\"middle\" data-parentid=\"\" data-desktopportraitparentalign=\"center\" data-desktopportraitparentvalign=\"middle\" data-sstype=\"layer\"><div class=\"n2-ss-item-content n2-ss-text n2-ow-all\"><div class=\"\"><p class=\"n2-font-ac3c734fd1fd0ec647ca89cae31990f9-paragraph   \">Le Partenariat Textile Germano-S\u00e9n\u00e9galais est un projet qui a pour objectif de participer activement \u00e0 la relance de l\u2019industrie textile s\u00e9n\u00e9galaise. Ce projet esr financ\u00e9 par le minist\u00e8re f\u00e9d\u00e9ral allemand de la Coop\u00e9ration \u00e9conomique et du D\u00e9veloppement et soutenu par la Sequa GmbH.<\/p>\n<\/div><\/div><\/div><div class=\"n2-ss-layer n2-ow sliderButton n-uc-I3yRxANyaIeP n2-ss-layer--auto\" style=\"z-index:999999;\" data-pm=\"absolute\" data-responsiveposition=\"1\" data-desktopportraitleft=\"-333\" data-desktopportraittop=\"140\" data-responsivesize=\"1\" data-desktopportraitwidth=\"130.781\" data-desktopportraitheight=\"auto\" data-desktopportraitalign=\"center\" data-desktopportraitvalign=\"middle\" data-parentid=\"\" data-desktopportraitparentalign=\"center\" data-desktopportraitparentvalign=\"middle\" data-sstype=\"layer\"><div class=\"n2-ss-button-container n2-ss-item-content n2-ow n2-font-176464dee0eea5b1ac11b21dab9b24d2-link  n2-ss-nowrap n2-ss-button-container--non-full-width\"><a class=\"n2-style-fd38549eee9ab23b7211fa4859786f10-heading  n2-ow \" href=\"https:\/\/www.partnerafrica-senegal.org\/fr\/project\/\"><div><div>En savoir plus<\/div><\/div><\/a><\/div><\/div><div class=\"n2-ss-layer n2-ow animation-logo n-uc-yDdl0yvTBqOC\" style=\"z-index:100;\" data-pm=\"absolute\" data-responsiveposition=\"1\" data-desktopportraitleft=\"470\" data-desktopportraittop=\"92\" data-responsivesize=\"1\" data-desktopportraitwidth=\"260\" data-desktopportraitheight=\"auto\" data-desktopportraitalign=\"center\" data-desktopportraitvalign=\"middle\" data-parentid=\"\" data-desktopportraitparentalign=\"center\" data-desktopportraitparentvalign=\"middle\" data-sstype=\"layer\"><div class=\" n2-ss-item-image-content n2-ss-item-content n2-ow-all\"><a href=\"https:\/\/www.partnerafrica-senegal.org\/fr\/certification-gots-pour-le-coton-biologique-senegalais\/\"><img loading=\"lazy\" decoding=\"async\" id=\"n2-ss-3item5\" alt=\"\" class=\"skip-lazy\" width=\"338\" height=\"396\" data-skip-lazy=\"1\" src=\"\/\/www.partnerafrica-senegal.org\/wp-content\/uploads\/2023\/07\/GOTS-logo-1.png\" \/><\/a><\/div><\/div><\/div><\/div><\/div><\/div><\/div>                    <\/div>\n\n                                    <\/div>\n            <\/div>\n        <\/div>\n        <\/div><ss3-loader><\/ss3-loader><\/div><\/div><div class=\"n2_clear\"><\/div><\/div><\/ss3-force-full-width><\/div>\n\n\n<div class=\"wp-block-columns parent123 is-layout-flex wp-container-core-columns-is-layout-9d6595d7 wp-block-columns-is-layout-flex\">\n<div class=\"wp-block-column pp1 is-layout-flow wp-block-column-is-layout-flow\">\n<figure class=\"wp-block-image size-large\"><img loading=\"lazy\" decoding=\"async\" width=\"183\" height=\"29\" src=\"https:\/\/partnerafrica-senegal.org\/wp-content\/uploads\/2023\/04\/logo-pa-senegal-1.svg\" alt=\"\" class=\"wp-image-1851\"\/><\/figure>\n\n\n\n<p class=\"ytext1\">Le Partenariat Textile Germano-S\u00e9n\u00e9galais est un projet qui a pour objectif de participer activement \u00e0 la relance de l\u2019industrie textile s\u00e9n\u00e9galaise. Ce projet esr financ\u00e9 par le minist\u00e8re f\u00e9d\u00e9ral allemand de la Coop\u00e9ration \u00e9conomique et du D\u00e9veloppement et soutenu par la Sequa GmbH.<\/p>\n\n\n\n<div class=\"wp-block-buttons is-content-justification-center is-layout-flex wp-container-core-buttons-is-layout-16018d1d wp-block-buttons-is-layout-flex\">\n<div class=\"wp-block-button gbutton1\"><a class=\"wp-block-button__link has-text-align-center wp-element-button\" href=\"https:\/\/partnerafrica-senegal.org\/fr\/project\/\">En savoir plus<\/a><\/div>\n<\/div>\n<\/div>\n<\/div>\n\n\n\n<div class=\"wp-block-columns section1_main is-layout-flex wp-container-core-columns-is-layout-9d6595d7 wp-block-columns-is-layout-flex\">\n<div class=\"wp-block-column section-inner f1 is-layout-flow wp-block-column-is-layout-flow\">\n<h2 class=\"wp-block-heading has-text-align-center stitle1\">Un partenariat pour le futur<\/h2>\n\n\n\n<div class=\"wp-block-columns are-vertically-aligned-center is-layout-flex wp-container-core-columns-is-layout-9d6595d7 wp-block-columns-is-layout-flex\">\n<div class=\"wp-block-column is-vertically-aligned-center is-layout-flow wp-block-column-is-layout-flow\">\n<figure class=\"wp-block-image size-large\"><img loading=\"lazy\" decoding=\"async\" width=\"688\" height=\"692\" src=\"https:\/\/partnerafrica-senegal.org\/wp-content\/uploads\/2023\/04\/Layer-307-1.svg\" alt=\"partenariat\" class=\"wp-image-1270\"\/><\/figure>\n<\/div>\n\n\n\n<div class=\"wp-block-column is-vertically-aligned-center is-layout-flow wp-block-column-is-layout-flow\">\n<p>La durabilit\u00e9 est un point majeur de notre projet, aliment\u00e9e par les exigences croissantes des consommateurs pour des produits respectueux de l\u2019environnement et fabriqu\u00e9s de mani\u00e8re socialement responsable. L\u2019\u00e9volution de la demande internationale de mat\u00e9riaux produits de mani\u00e8re durable et renouvelable est un d\u00e9fi positif pour les entreprises allemandes et s\u00e9n\u00e9galaises du textile et de la mode. En travaillant ensemble sur des cha\u00eenes de valeur transparentes et le respect des normes internationalement reconnues, GESAMTMASCHE et l\u2019ensemble de ses partenaires s\u2019efforcent conjointement de renforcer leurs relations commerciales tout en am\u00e9liorant l\u2019environnement de production.<\/p>\n<\/div>\n<\/div>\n<\/div>\n<\/div>\n\n\n\n<div class=\"wp-block-columns section3_main is-layout-flex wp-container-core-columns-is-layout-9d6595d7 wp-block-columns-is-layout-flex\">\n<div class=\"wp-block-column section2 section-inner f1 is-layout-flow wp-block-column-is-layout-flow\">\n<div style=\"height:78px\" aria-hidden=\"true\" class=\"wp-block-spacer\"><\/div>\n\n\n\n<h2 class=\"wp-block-heading has-text-align-center stitle1\">Le partenariat<\/h2>\n\n\n\n<div class=\"wp-block-columns is-layout-flex wp-container-core-columns-is-layout-9d6595d7 wp-block-columns-is-layout-flex\">\n<div class=\"wp-block-column c1 is-layout-flow wp-block-column-is-layout-flow\"><div class=\"wp-block-image les1\">\n<figure class=\"aligncenter size-large\"><img loading=\"lazy\" decoding=\"async\" width=\"150\" height=\"30\" src=\"https:\/\/partnerafrica-senegal.org\/wp-content\/uploads\/2023\/04\/logo-gesamtmashe-1.svg\" alt=\"gesamtmasche\" class=\"wp-image-1842\"\/><\/figure>\n<\/div>\n\n\n<p>Fond\u00e9e en 1916, la Conf\u00e9d\u00e9ration de l\u2019industrie allemande de la maille \u2013 GESAMTMASCHE- est la principale association professionnelle nationale repr\u00e9sentant les producteurs allemands de v\u00eatements et de tissus tricot\u00e9s pour la mode et les applications techniques. Les marques allemandes dans l\u2019industrie de la maille connaissent un succ\u00e8s international et d\u00e9tiennent une part de march\u00e9 importante en Europe. Les tricots allemands ont toujours \u00e9t\u00e9 plus que de la mode, ils int\u00e8grent les tendances sociales, l\u2019innovation technique, les nouveaux mat\u00e9riaux et la culture de la mode. Un design unique, l\u2019utilisation de fils de qualit\u00e9 sup\u00e9rieure et une technologie de pointe constituent la base de leur succ\u00e8s international. Environ 250 entreprises appartiennent au secteur, ce qui repr\u00e9sente 7,8 milliards d\u2019euros d\u2019exportation par an.<\/p>\n<\/div>\n\n\n\n<div class=\"wp-block-column c2 is-layout-flow wp-block-column-is-layout-flow\"><div class=\"wp-block-image les2\">\n<figure class=\"aligncenter size-large\"><img loading=\"lazy\" decoding=\"async\" width=\"78\" height=\"90\" src=\"https:\/\/partnerafrica-senegal.org\/wp-content\/uploads\/2023\/04\/logo-sodefitex-1.svg\" alt=\"sodefitex\" class=\"wp-image-1840\"\/><\/figure>\n<\/div>\n\n\n<p>Cr\u00e9\u00e9e en 1974, la Sodefitex (Soci\u00e9t\u00e9 de d\u00e9veloppement et des fibres textiles) a pour mission le d\u00e9veloppement de l&rsquo;agro-industrie cotonni\u00e8re au S\u00e9n\u00e9gal, en particulier dans les r\u00e9gions agro-\u00e9cologiques du S\u00e9n\u00e9gal Oriental et de la Haute Casamance favorables \u00e0 la culture cotonni\u00e8re. La Sodefitex est certifi\u00e9e ISO 9001 depuis le 18 mars 2005, pour \u00ab l&rsquo;achat, le transport et l&rsquo;\u00e9grenage du coton graine, la production et la commercialisation de fibre, de graines et de semences de coton \u00bb (en 2014, le p\u00e9rim\u00e8tre de certification a \u00e9t\u00e9 \u00e9tendu en amont au conseil technico-commercial aux agriculteurs partenaires). Elle dispose de cinq usines d&rsquo;\u00e9grenage pour une capacit\u00e9 de 65 000 tonnes de coton graine r\u00e9parties dans les villes de Kahone, Tambacounda, K\u00e9dougou, V\u00e9lingara et Kolda. La Sodefitex a aussi \u00e0 V\u00e9lingara, en Haute Casamance, une usine de production de semences d\u00e9lint\u00e9es de coton d&rsquo;une capacit\u00e9 de 1 500 tonnes pour le march\u00e9 local et l&rsquo;exportation. La Sodefitex travaille en \u00e9troite collaboration avec la F\u00e9d\u00e9ration Nationale des Producteurs de Coton (FNPC) et sont tous deux parties prenantes de l&rsquo;Association S\u00e9n\u00e9galaise Interprofessionnelle du Coton (ASIC).<\/p>\n<\/div>\n<\/div>\n\n\n\n<div style=\"height:340px\" aria-hidden=\"true\" class=\"wp-block-spacer\"><\/div>\n<\/div>\n<\/div>\n","protected":false},"excerpt":{"rendered":"<p>Le Partenariat Textile Germano-S\u00e9n\u00e9galais est un projet qui a pour objectif de participer activement \u00e0 la relance de l\u2019industrie textile s\u00e9n\u00e9galaise. Ce projet esr financ\u00e9 par le minist\u00e8re f\u00e9d\u00e9ral allemand de la Coop\u00e9ration \u00e9conomique et du D\u00e9veloppement et soutenu par la Sequa GmbH. Un partenariat pour le futur La durabilit\u00e9 est un point majeur de [&hellip;]<\/p>\n","protected":false},"author":1,"featured_media":0,"parent":0,"menu_order":0,"comment_status":"closed","ping_status":"closed","template":"","meta":{"_acf_changed":false,"inline_featured_image":false,"footnotes":""},"class_list":["post-57","page","type-page","status-publish","hentry"],"acf":[],"yoast_head":"<!-- This site is optimized with the Yoast SEO plugin v23.8 - https:\/\/yoast.com\/wordpress\/plugins\/seo\/ -->\n<title>Partnerafrica Senegal<\/title>\n<meta name=\"description\" content=\"Le Partenariat Textile Germano-S\u00e9n\u00e9galais est un projet qui a pour objectif de participer activement \u00e0 la relance de l\u2019industrie textile s\u00e9n\u00e9galaise.\" \/>\n<meta name=\"robots\" content=\"index, follow, max-snippet:-1, max-image-preview:large, max-video-preview:-1\" \/>\n<link rel=\"canonical\" href=\"https:\/\/www.partnerafrica-senegal.org\/fr\/\" \/>\n<meta property=\"og:locale\" content=\"fr_FR\" \/>\n<meta property=\"og:type\" content=\"article\" \/>\n<meta property=\"og:title\" content=\"Partnerafrica Senegal\" \/>\n<meta property=\"og:description\" content=\"Le Partenariat Textile Germano-S\u00e9n\u00e9galais est un projet qui a pour objectif de participer activement \u00e0 la relance de l\u2019industrie textile s\u00e9n\u00e9galaise.\" \/>\n<meta property=\"og:url\" content=\"https:\/\/www.partnerafrica-senegal.org\/fr\/\" \/>\n<meta property=\"og:site_name\" content=\"Partnerafrica Senegal\" \/>\n<meta property=\"article:modified_time\" content=\"2024-07-17T15:51:49+00:00\" \/>\n<meta property=\"og:image\" content=\"https:\/\/partnerafrica-senegal.org\/wp-content\/uploads\/2023\/04\/logo-pa-senegal-1.svg\" \/>\n<meta name=\"twitter:card\" content=\"summary_large_image\" \/>\n<meta name=\"twitter:label1\" content=\"Dur\u00e9e de lecture estim\u00e9e\" \/>\n\t<meta name=\"twitter:data1\" content=\"3 minutes\" \/>\n<script type=\"application\/ld+json\" class=\"yoast-schema-graph\">{\"@context\":\"https:\/\/schema.org\",\"@graph\":[{\"@type\":\"WebPage\",\"@id\":\"https:\/\/www.partnerafrica-senegal.org\/fr\/\",\"url\":\"https:\/\/www.partnerafrica-senegal.org\/fr\/\",\"name\":\"Partnerafrica Senegal\",\"isPartOf\":{\"@id\":\"https:\/\/www.partnerafrica-senegal.org\/en\/#website\"},\"primaryImageOfPage\":{\"@id\":\"https:\/\/www.partnerafrica-senegal.org\/fr\/#primaryimage\"},\"image\":{\"@id\":\"https:\/\/www.partnerafrica-senegal.org\/fr\/#primaryimage\"},\"thumbnailUrl\":\"https:\/\/partnerafrica-senegal.org\/wp-content\/uploads\/2023\/04\/logo-pa-senegal-1.svg\",\"datePublished\":\"2023-04-06T13:52:55+00:00\",\"dateModified\":\"2024-07-17T15:51:49+00:00\",\"description\":\"Le Partenariat Textile Germano-S\u00e9n\u00e9galais est un projet qui a pour objectif de participer activement \u00e0 la relance de l\u2019industrie textile s\u00e9n\u00e9galaise.\",\"breadcrumb\":{\"@id\":\"https:\/\/www.partnerafrica-senegal.org\/fr\/#breadcrumb\"},\"inLanguage\":\"fr-FR\",\"potentialAction\":[{\"@type\":\"ReadAction\",\"target\":[\"https:\/\/www.partnerafrica-senegal.org\/fr\/\"]}]},{\"@type\":\"ImageObject\",\"inLanguage\":\"fr-FR\",\"@id\":\"https:\/\/www.partnerafrica-senegal.org\/fr\/#primaryimage\",\"url\":\"https:\/\/partnerafrica-senegal.org\/wp-content\/uploads\/2023\/04\/logo-pa-senegal-1.svg\",\"contentUrl\":\"https:\/\/partnerafrica-senegal.org\/wp-content\/uploads\/2023\/04\/logo-pa-senegal-1.svg\"},{\"@type\":\"BreadcrumbList\",\"@id\":\"https:\/\/www.partnerafrica-senegal.org\/fr\/#breadcrumb\",\"itemListElement\":[{\"@type\":\"ListItem\",\"position\":1,\"name\":\"Home\",\"item\":\"https:\/\/www.partnerafrica-senegal.org\/fr\/\"},{\"@type\":\"ListItem\",\"position\":2,\"name\":\"Partnerafrica Senegal\"}]},{\"@type\":\"WebSite\",\"@id\":\"https:\/\/www.partnerafrica-senegal.org\/en\/#website\",\"url\":\"https:\/\/www.partnerafrica-senegal.org\/en\/\",\"name\":\"Partnerafrica Senegal\",\"description\":\"German-Ethiopian Textile Business Partnership\",\"publisher\":{\"@id\":\"https:\/\/www.partnerafrica-senegal.org\/en\/#organization\"},\"potentialAction\":[{\"@type\":\"SearchAction\",\"target\":{\"@type\":\"EntryPoint\",\"urlTemplate\":\"https:\/\/www.partnerafrica-senegal.org\/en\/?s={search_term_string}\"},\"query-input\":{\"@type\":\"PropertyValueSpecification\",\"valueRequired\":true,\"valueName\":\"search_term_string\"}}],\"inLanguage\":\"fr-FR\"},{\"@type\":\"Organization\",\"@id\":\"https:\/\/www.partnerafrica-senegal.org\/en\/#organization\",\"name\":\"Partnerafrica Senegal\",\"url\":\"https:\/\/www.partnerafrica-senegal.org\/en\/\",\"logo\":{\"@type\":\"ImageObject\",\"inLanguage\":\"fr-FR\",\"@id\":\"https:\/\/www.partnerafrica-senegal.org\/en\/#\/schema\/logo\/image\/\",\"url\":\"https:\/\/www.partnerafrica-senegal.org\/wp-content\/uploads\/2023\/04\/logo-gesamtmashe-1.svg\",\"contentUrl\":\"https:\/\/www.partnerafrica-senegal.org\/wp-content\/uploads\/2023\/04\/logo-gesamtmashe-1.svg\",\"width\":150,\"height\":30,\"caption\":\"Partnerafrica Senegal\"},\"image\":{\"@id\":\"https:\/\/www.partnerafrica-senegal.org\/en\/#\/schema\/logo\/image\/\"}}]}<\/script>\n<!-- \/ Yoast SEO plugin. -->","yoast_head_json":{"title":"Partnerafrica Senegal","description":"Le Partenariat Textile Germano-S\u00e9n\u00e9galais est un projet qui a pour objectif de participer activement \u00e0 la relance de l\u2019industrie textile s\u00e9n\u00e9galaise.","robots":{"index":"index","follow":"follow","max-snippet":"max-snippet:-1","max-image-preview":"max-image-preview:large","max-video-preview":"max-video-preview:-1"},"canonical":"https:\/\/www.partnerafrica-senegal.org\/fr\/","og_locale":"fr_FR","og_type":"article","og_title":"Partnerafrica Senegal","og_description":"Le Partenariat Textile Germano-S\u00e9n\u00e9galais est un projet qui a pour objectif de participer activement \u00e0 la relance de l\u2019industrie textile s\u00e9n\u00e9galaise.","og_url":"https:\/\/www.partnerafrica-senegal.org\/fr\/","og_site_name":"Partnerafrica Senegal","article_modified_time":"2024-07-17T15:51:49+00:00","og_image":[{"url":"https:\/\/partnerafrica-senegal.org\/wp-content\/uploads\/2023\/04\/logo-pa-senegal-1.svg"}],"twitter_card":"summary_large_image","twitter_misc":{"Dur\u00e9e de lecture estim\u00e9e":"3 minutes"},"schema":{"@context":"https:\/\/schema.org","@graph":[{"@type":"WebPage","@id":"https:\/\/www.partnerafrica-senegal.org\/fr\/","url":"https:\/\/www.partnerafrica-senegal.org\/fr\/","name":"Partnerafrica Senegal","isPartOf":{"@id":"https:\/\/www.partnerafrica-senegal.org\/en\/#website"},"primaryImageOfPage":{"@id":"https:\/\/www.partnerafrica-senegal.org\/fr\/#primaryimage"},"image":{"@id":"https:\/\/www.partnerafrica-senegal.org\/fr\/#primaryimage"},"thumbnailUrl":"https:\/\/partnerafrica-senegal.org\/wp-content\/uploads\/2023\/04\/logo-pa-senegal-1.svg","datePublished":"2023-04-06T13:52:55+00:00","dateModified":"2024-07-17T15:51:49+00:00","description":"Le Partenariat Textile Germano-S\u00e9n\u00e9galais est un projet qui a pour objectif de participer activement \u00e0 la relance de l\u2019industrie textile s\u00e9n\u00e9galaise.","breadcrumb":{"@id":"https:\/\/www.partnerafrica-senegal.org\/fr\/#breadcrumb"},"inLanguage":"fr-FR","potentialAction":[{"@type":"ReadAction","target":["https:\/\/www.partnerafrica-senegal.org\/fr\/"]}]},{"@type":"ImageObject","inLanguage":"fr-FR","@id":"https:\/\/www.partnerafrica-senegal.org\/fr\/#primaryimage","url":"https:\/\/partnerafrica-senegal.org\/wp-content\/uploads\/2023\/04\/logo-pa-senegal-1.svg","contentUrl":"https:\/\/partnerafrica-senegal.org\/wp-content\/uploads\/2023\/04\/logo-pa-senegal-1.svg"},{"@type":"BreadcrumbList","@id":"https:\/\/www.partnerafrica-senegal.org\/fr\/#breadcrumb","itemListElement":[{"@type":"ListItem","position":1,"name":"Home","item":"https:\/\/www.partnerafrica-senegal.org\/fr\/"},{"@type":"ListItem","position":2,"name":"Partnerafrica Senegal"}]},{"@type":"WebSite","@id":"https:\/\/www.partnerafrica-senegal.org\/en\/#website","url":"https:\/\/www.partnerafrica-senegal.org\/en\/","name":"Partnerafrica Senegal","description":"German-Ethiopian Textile Business Partnership","publisher":{"@id":"https:\/\/www.partnerafrica-senegal.org\/en\/#organization"},"potentialAction":[{"@type":"SearchAction","target":{"@type":"EntryPoint","urlTemplate":"https:\/\/www.partnerafrica-senegal.org\/en\/?s={search_term_string}"},"query-input":{"@type":"PropertyValueSpecification","valueRequired":true,"valueName":"search_term_string"}}],"inLanguage":"fr-FR"},{"@type":"Organization","@id":"https:\/\/www.partnerafrica-senegal.org\/en\/#organization","name":"Partnerafrica Senegal","url":"https:\/\/www.partnerafrica-senegal.org\/en\/","logo":{"@type":"ImageObject","inLanguage":"fr-FR","@id":"https:\/\/www.partnerafrica-senegal.org\/en\/#\/schema\/logo\/image\/","url":"https:\/\/www.partnerafrica-senegal.org\/wp-content\/uploads\/2023\/04\/logo-gesamtmashe-1.svg","contentUrl":"https:\/\/www.partnerafrica-senegal.org\/wp-content\/uploads\/2023\/04\/logo-gesamtmashe-1.svg","width":150,"height":30,"caption":"Partnerafrica Senegal"},"image":{"@id":"https:\/\/www.partnerafrica-senegal.org\/en\/#\/schema\/logo\/image\/"}}]}},"_links":{"self":[{"href":"https:\/\/www.partnerafrica-senegal.org\/fr\/wp-json\/wp\/v2\/pages\/57","targetHints":{"allow":["GET"]}}],"collection":[{"href":"https:\/\/www.partnerafrica-senegal.org\/fr\/wp-json\/wp\/v2\/pages"}],"about":[{"href":"https:\/\/www.partnerafrica-senegal.org\/fr\/wp-json\/wp\/v2\/types\/page"}],"author":[{"embeddable":true,"href":"https:\/\/www.partnerafrica-senegal.org\/fr\/wp-json\/wp\/v2\/users\/1"}],"replies":[{"embeddable":true,"href":"https:\/\/www.partnerafrica-senegal.org\/fr\/wp-json\/wp\/v2\/comments?post=57"}],"version-history":[{"count":54,"href":"https:\/\/www.partnerafrica-senegal.org\/fr\/wp-json\/wp\/v2\/pages\/57\/revisions"}],"predecessor-version":[{"id":2551,"href":"https:\/\/www.partnerafrica-senegal.org\/fr\/wp-json\/wp\/v2\/pages\/57\/revisions\/2551"}],"wp:attachment":[{"href":"https:\/\/www.partnerafrica-senegal.org\/fr\/wp-json\/wp\/v2\/media?parent=57"}],"curies":[{"name":"wp","href":"https:\/\/api.w.org\/{rel}","templated":true}]}}