{"id":58,"date":"2023-04-06T13:52:55","date_gmt":"2023-04-06T13:52:55","guid":{"rendered":"https:\/\/partnerafrica-senegal.hosting9.tn-rechenzentrum1.de\/index.php\/project\/"},"modified":"2023-04-28T10:43:41","modified_gmt":"2023-04-28T10:43:41","slug":"project","status":"publish","type":"page","link":"https:\/\/www.partnerafrica-senegal.org\/fr\/project\/","title":{"rendered":"Project"},"content":{"rendered":"\n<h1 class=\"wp-block-heading has-text-align-center entry-title w-title\">Promouvoir le commerce et la coop\u00e9ration commerciale germano-s\u00e9n\u00e9galaise<\/h1>\n\n\n\n<div class=\"wp-block-columns are-vertically-aligned-center project_main is-layout-flex wp-container-core-columns-is-layout-9d6595d7 wp-block-columns-is-layout-flex\">\n<div class=\"wp-block-column is-vertically-aligned-center is-layout-flow wp-block-column-is-layout-flow\">\n<div class=\"wp-block-columns f1 section-inner is-layout-flex wp-container-core-columns-is-layout-9d6595d7 wp-block-columns-is-layout-flex\">\n<div class=\"wp-block-column is-vertically-aligned-center is-layout-flow wp-block-column-is-layout-flow\">\n<figure class=\"wp-block-image size-large\"><img loading=\"lazy\" decoding=\"async\" width=\"1804\" height=\"1280\" src=\"https:\/\/partnerafrica-senegal.org\/wp-content\/uploads\/2023\/04\/Layer321.svg\" alt=\"\" class=\"wp-image-1627\"\/><\/figure>\n<\/div>\n\n\n\n<div class=\"wp-block-column is-vertically-aligned-center is-layout-flow wp-block-column-is-layout-flow\">\n<p>Les actions men\u00e9es par la GESAMTMASCHE au S\u00e9n\u00e9gal sont dans le but d\u2019apporter une expertise et des conseils \u00e0 la cha\u00eene de valeur textile.<br>De la production de coton \u00e0 la r\u00e9alisation de produits finis (v\u00eatements, accessoires, d\u00e9coration d\u2019int\u00e9rieur), nous apportons aux acteurs de l\u2019industrie textile notre soutien par le biais de la mise en relation avec diff\u00e9rents experts de l\u2019industrie.<\/p>\n<\/div>\n<\/div>\n<\/div>\n<\/div>\n\n\n\n<h1 class=\"wp-block-heading has-text-align-center entry-title w-title pt-10\">L&rsquo;enjeu majeur de notre projet est de permettre une relance de l&rsquo;industrie textile du S\u00e9n\u00e9gal afin que<\/h1>\n\n\n\n<div class=\"wp-block-columns pr_table is-layout-flex wp-container-core-columns-is-layout-9d6595d7 wp-block-columns-is-layout-flex\">\n<div class=\"wp-block-column c3 is-layout-flow wp-block-column-is-layout-flow\">\n<figure class=\"wp-block-table\"><table class=\"has-fixed-layout\"><tbody><tr><td><img loading=\"lazy\" decoding=\"async\" width=\"45\" height=\"49\" class=\"wp-image-1666\" style=\"width: 45px;\" src=\"https:\/\/partnerafrica-senegal.org\/wp-content\/uploads\/2023\/04\/Layer-338.svg\" alt=\"\">l\u2019industrie du coton soit renforc\u00e9e en termes de qualit\u00e9 et de durabilit\u00e9<\/td><td><img loading=\"lazy\" decoding=\"async\" width=\"35\" height=\"40\" class=\"wp-image-1670\" style=\"width: 35px;\" src=\"https:\/\/partnerafrica-senegal.org\/wp-content\/uploads\/2023\/04\/Layer-336.svg\" alt=\"\">l\u2019industrie textile s\u00e9n\u00e9galaise soit plus visible sur le plan national<\/td><\/tr><tr><td><img loading=\"lazy\" decoding=\"async\" width=\"39\" height=\"38\" class=\"wp-image-1668\" style=\"width: 39px;\" src=\"https:\/\/partnerafrica-senegal.org\/wp-content\/uploads\/2023\/04\/Layer-337.svg\" alt=\"\">l\u2019industrie du coton enregistre une croissance de sa production ainsi que de son exposition \u00e0 l\u2019international<\/td><td><img loading=\"lazy\" decoding=\"async\" width=\"41\" height=\"40\" class=\"wp-image-1672\" style=\"width: 41px;\" src=\"https:\/\/partnerafrica-senegal.org\/wp-content\/uploads\/2023\/04\/Layer-335.svg\" alt=\"\">la cha\u00eene de valeur de l\u2019industrie textile soit transparente et avec une meilleure tra\u00e7abilit\u00e9<\/td><\/tr><\/tbody><\/table><\/figure>\n<\/div>\n<\/div>\n\n\n\n<h1 class=\"wp-block-heading has-text-align-center entry-title pt-10\">Nos principaux objectifs<\/h1>\n\n\n\n<div class=\"wp-block-columns obj_main is-layout-flex wp-container-core-columns-is-layout-9d6595d7 wp-block-columns-is-layout-flex\">\n<div class=\"wp-block-column f1 section-inner is-layout-flow wp-block-column-is-layout-flow\">\n<div class=\"wp-block-columns is-layout-flex wp-container-core-columns-is-layout-9d6595d7 wp-block-columns-is-layout-flex\">\n<div class=\"wp-block-column c1 is-layout-flow wp-block-column-is-layout-flow\">\n<h6 class=\"wp-block-heading cp1\">Formation et soutien technique<\/h6>\n\n\n\n<p>Offrir des services ax\u00e9s sur la demande, tels que le conseil, la formation, le soutien et l\u2019information li\u00e9s au secteur textile. Cela inclut \u00e9galement l\u2019\u00e9laboration de normes de qualit\u00e9 pour le coton.<\/p>\n<\/div>\n\n\n\n<div class=\"wp-block-column c2 is-layout-flow wp-block-column-is-layout-flow\">\n<h6 class=\"wp-block-heading cp1\">Promotion commerciale et transparence<\/h6>\n\n\n\n<p>Afin d\u2019am\u00e9liorer la comp\u00e9titivit\u00e9 internationale, le projet vise \u00e0 \u00e9tablir une cha\u00eene d\u2019approvisionnement textile durable, transparente et de haute qualit\u00e9, en tant que projet pilote.<\/p>\n<\/div>\n<\/div>\n<\/div>\n<\/div>\n","protected":false},"excerpt":{"rendered":"<p>Promouvoir le commerce et la coop\u00e9ration commerciale germano-s\u00e9n\u00e9galaise Les actions men\u00e9es par la GESAMTMASCHE au S\u00e9n\u00e9gal sont dans le but d\u2019apporter une expertise et des conseils \u00e0 la cha\u00eene de valeur textile.De la production de coton \u00e0 la r\u00e9alisation de produits finis (v\u00eatements, accessoires, d\u00e9coration d\u2019int\u00e9rieur), nous apportons aux acteurs de l\u2019industrie textile notre soutien [&hellip;]<\/p>\n","protected":false},"author":1,"featured_media":1909,"parent":0,"menu_order":0,"comment_status":"closed","ping_status":"closed","template":"","meta":{"_acf_changed":false,"inline_featured_image":false,"footnotes":""},"class_list":["post-58","page","type-page","status-publish","has-post-thumbnail","hentry"],"acf":[],"yoast_head":"<!-- This site is optimized with the Yoast SEO plugin v23.8 - https:\/\/yoast.com\/wordpress\/plugins\/seo\/ -->\n<title>Project - Partnerafrica Senegal<\/title>\n<meta name=\"robots\" content=\"index, follow, max-snippet:-1, max-image-preview:large, max-video-preview:-1\" \/>\n<link rel=\"canonical\" href=\"https:\/\/www.partnerafrica-senegal.org\/fr\/project\/\" \/>\n<meta property=\"og:locale\" content=\"fr_FR\" \/>\n<meta property=\"og:type\" content=\"article\" \/>\n<meta property=\"og:title\" content=\"Project - Partnerafrica Senegal\" \/>\n<meta property=\"og:description\" content=\"Promouvoir le commerce et la coop\u00e9ration commerciale germano-s\u00e9n\u00e9galaise Les actions men\u00e9es par la GESAMTMASCHE au S\u00e9n\u00e9gal sont dans le but d\u2019apporter une expertise et des conseils \u00e0 la cha\u00eene de valeur textile.De la production de coton \u00e0 la r\u00e9alisation de produits finis (v\u00eatements, accessoires, d\u00e9coration d\u2019int\u00e9rieur), nous apportons aux acteurs de l\u2019industrie textile notre soutien [&hellip;]\" \/>\n<meta property=\"og:url\" content=\"https:\/\/www.partnerafrica-senegal.org\/fr\/project\/\" \/>\n<meta property=\"og:site_name\" content=\"Partnerafrica Senegal\" \/>\n<meta property=\"article:modified_time\" content=\"2023-04-28T10:43:41+00:00\" \/>\n<meta property=\"og:image\" content=\"https:\/\/www.partnerafrica-senegal.org\/wp-content\/uploads\/2023\/04\/kjb-bg-proj-1920777.jpg\" \/>\n\t<meta property=\"og:image:width\" content=\"1920\" \/>\n\t<meta property=\"og:image:height\" content=\"240\" \/>\n\t<meta property=\"og:image:type\" content=\"image\/jpeg\" \/>\n<meta name=\"twitter:card\" content=\"summary_large_image\" \/>\n<meta name=\"twitter:label1\" content=\"Dur\u00e9e de lecture estim\u00e9e\" \/>\n\t<meta name=\"twitter:data1\" content=\"1 minute\" \/>\n<script type=\"application\/ld+json\" class=\"yoast-schema-graph\">{\"@context\":\"https:\/\/schema.org\",\"@graph\":[{\"@type\":\"WebPage\",\"@id\":\"https:\/\/www.partnerafrica-senegal.org\/fr\/project\/\",\"url\":\"https:\/\/www.partnerafrica-senegal.org\/fr\/project\/\",\"name\":\"Project - Partnerafrica Senegal\",\"isPartOf\":{\"@id\":\"https:\/\/www.partnerafrica-senegal.org\/en\/#website\"},\"primaryImageOfPage\":{\"@id\":\"https:\/\/www.partnerafrica-senegal.org\/fr\/project\/#primaryimage\"},\"image\":{\"@id\":\"https:\/\/www.partnerafrica-senegal.org\/fr\/project\/#primaryimage\"},\"thumbnailUrl\":\"https:\/\/www.partnerafrica-senegal.org\/wp-content\/uploads\/2023\/04\/kjb-bg-proj-1920777.jpg\",\"datePublished\":\"2023-04-06T13:52:55+00:00\",\"dateModified\":\"2023-04-28T10:43:41+00:00\",\"breadcrumb\":{\"@id\":\"https:\/\/www.partnerafrica-senegal.org\/fr\/project\/#breadcrumb\"},\"inLanguage\":\"fr-FR\",\"potentialAction\":[{\"@type\":\"ReadAction\",\"target\":[\"https:\/\/www.partnerafrica-senegal.org\/fr\/project\/\"]}]},{\"@type\":\"ImageObject\",\"inLanguage\":\"fr-FR\",\"@id\":\"https:\/\/www.partnerafrica-senegal.org\/fr\/project\/#primaryimage\",\"url\":\"https:\/\/www.partnerafrica-senegal.org\/wp-content\/uploads\/2023\/04\/kjb-bg-proj-1920777.jpg\",\"contentUrl\":\"https:\/\/www.partnerafrica-senegal.org\/wp-content\/uploads\/2023\/04\/kjb-bg-proj-1920777.jpg\",\"width\":1920,\"height\":240},{\"@type\":\"BreadcrumbList\",\"@id\":\"https:\/\/www.partnerafrica-senegal.org\/fr\/project\/#breadcrumb\",\"itemListElement\":[{\"@type\":\"ListItem\",\"position\":1,\"name\":\"Home\",\"item\":\"https:\/\/www.partnerafrica-senegal.org\/fr\/\"},{\"@type\":\"ListItem\",\"position\":2,\"name\":\"Project\"}]},{\"@type\":\"WebSite\",\"@id\":\"https:\/\/www.partnerafrica-senegal.org\/en\/#website\",\"url\":\"https:\/\/www.partnerafrica-senegal.org\/en\/\",\"name\":\"Partnerafrica Senegal\",\"description\":\"German-Ethiopian Textile Business Partnership\",\"publisher\":{\"@id\":\"https:\/\/www.partnerafrica-senegal.org\/en\/#organization\"},\"potentialAction\":[{\"@type\":\"SearchAction\",\"target\":{\"@type\":\"EntryPoint\",\"urlTemplate\":\"https:\/\/www.partnerafrica-senegal.org\/en\/?s={search_term_string}\"},\"query-input\":{\"@type\":\"PropertyValueSpecification\",\"valueRequired\":true,\"valueName\":\"search_term_string\"}}],\"inLanguage\":\"fr-FR\"},{\"@type\":\"Organization\",\"@id\":\"https:\/\/www.partnerafrica-senegal.org\/en\/#organization\",\"name\":\"Partnerafrica Senegal\",\"url\":\"https:\/\/www.partnerafrica-senegal.org\/en\/\",\"logo\":{\"@type\":\"ImageObject\",\"inLanguage\":\"fr-FR\",\"@id\":\"https:\/\/www.partnerafrica-senegal.org\/en\/#\/schema\/logo\/image\/\",\"url\":\"https:\/\/www.partnerafrica-senegal.org\/wp-content\/uploads\/2023\/04\/logo-gesamtmashe-1.svg\",\"contentUrl\":\"https:\/\/www.partnerafrica-senegal.org\/wp-content\/uploads\/2023\/04\/logo-gesamtmashe-1.svg\",\"width\":150,\"height\":30,\"caption\":\"Partnerafrica Senegal\"},\"image\":{\"@id\":\"https:\/\/www.partnerafrica-senegal.org\/en\/#\/schema\/logo\/image\/\"}}]}<\/script>\n<!-- \/ Yoast SEO plugin. -->","yoast_head_json":{"title":"Project - Partnerafrica Senegal","robots":{"index":"index","follow":"follow","max-snippet":"max-snippet:-1","max-image-preview":"max-image-preview:large","max-video-preview":"max-video-preview:-1"},"canonical":"https:\/\/www.partnerafrica-senegal.org\/fr\/project\/","og_locale":"fr_FR","og_type":"article","og_title":"Project - Partnerafrica Senegal","og_description":"Promouvoir le commerce et la coop\u00e9ration commerciale germano-s\u00e9n\u00e9galaise Les actions men\u00e9es par la GESAMTMASCHE au S\u00e9n\u00e9gal sont dans le but d\u2019apporter une expertise et des conseils \u00e0 la cha\u00eene de valeur textile.De la production de coton \u00e0 la r\u00e9alisation de produits finis (v\u00eatements, accessoires, d\u00e9coration d\u2019int\u00e9rieur), nous apportons aux acteurs de l\u2019industrie textile notre soutien [&hellip;]","og_url":"https:\/\/www.partnerafrica-senegal.org\/fr\/project\/","og_site_name":"Partnerafrica Senegal","article_modified_time":"2023-04-28T10:43:41+00:00","og_image":[{"width":1920,"height":240,"url":"https:\/\/www.partnerafrica-senegal.org\/wp-content\/uploads\/2023\/04\/kjb-bg-proj-1920777.jpg","type":"image\/jpeg"}],"twitter_card":"summary_large_image","twitter_misc":{"Dur\u00e9e de lecture estim\u00e9e":"1 minute"},"schema":{"@context":"https:\/\/schema.org","@graph":[{"@type":"WebPage","@id":"https:\/\/www.partnerafrica-senegal.org\/fr\/project\/","url":"https:\/\/www.partnerafrica-senegal.org\/fr\/project\/","name":"Project - Partnerafrica Senegal","isPartOf":{"@id":"https:\/\/www.partnerafrica-senegal.org\/en\/#website"},"primaryImageOfPage":{"@id":"https:\/\/www.partnerafrica-senegal.org\/fr\/project\/#primaryimage"},"image":{"@id":"https:\/\/www.partnerafrica-senegal.org\/fr\/project\/#primaryimage"},"thumbnailUrl":"https:\/\/www.partnerafrica-senegal.org\/wp-content\/uploads\/2023\/04\/kjb-bg-proj-1920777.jpg","datePublished":"2023-04-06T13:52:55+00:00","dateModified":"2023-04-28T10:43:41+00:00","breadcrumb":{"@id":"https:\/\/www.partnerafrica-senegal.org\/fr\/project\/#breadcrumb"},"inLanguage":"fr-FR","potentialAction":[{"@type":"ReadAction","target":["https:\/\/www.partnerafrica-senegal.org\/fr\/project\/"]}]},{"@type":"ImageObject","inLanguage":"fr-FR","@id":"https:\/\/www.partnerafrica-senegal.org\/fr\/project\/#primaryimage","url":"https:\/\/www.partnerafrica-senegal.org\/wp-content\/uploads\/2023\/04\/kjb-bg-proj-1920777.jpg","contentUrl":"https:\/\/www.partnerafrica-senegal.org\/wp-content\/uploads\/2023\/04\/kjb-bg-proj-1920777.jpg","width":1920,"height":240},{"@type":"BreadcrumbList","@id":"https:\/\/www.partnerafrica-senegal.org\/fr\/project\/#breadcrumb","itemListElement":[{"@type":"ListItem","position":1,"name":"Home","item":"https:\/\/www.partnerafrica-senegal.org\/fr\/"},{"@type":"ListItem","position":2,"name":"Project"}]},{"@type":"WebSite","@id":"https:\/\/www.partnerafrica-senegal.org\/en\/#website","url":"https:\/\/www.partnerafrica-senegal.org\/en\/","name":"Partnerafrica Senegal","description":"German-Ethiopian Textile Business Partnership","publisher":{"@id":"https:\/\/www.partnerafrica-senegal.org\/en\/#organization"},"potentialAction":[{"@type":"SearchAction","target":{"@type":"EntryPoint","urlTemplate":"https:\/\/www.partnerafrica-senegal.org\/en\/?s={search_term_string}"},"query-input":{"@type":"PropertyValueSpecification","valueRequired":true,"valueName":"search_term_string"}}],"inLanguage":"fr-FR"},{"@type":"Organization","@id":"https:\/\/www.partnerafrica-senegal.org\/en\/#organization","name":"Partnerafrica Senegal","url":"https:\/\/www.partnerafrica-senegal.org\/en\/","logo":{"@type":"ImageObject","inLanguage":"fr-FR","@id":"https:\/\/www.partnerafrica-senegal.org\/en\/#\/schema\/logo\/image\/","url":"https:\/\/www.partnerafrica-senegal.org\/wp-content\/uploads\/2023\/04\/logo-gesamtmashe-1.svg","contentUrl":"https:\/\/www.partnerafrica-senegal.org\/wp-content\/uploads\/2023\/04\/logo-gesamtmashe-1.svg","width":150,"height":30,"caption":"Partnerafrica Senegal"},"image":{"@id":"https:\/\/www.partnerafrica-senegal.org\/en\/#\/schema\/logo\/image\/"}}]}},"_links":{"self":[{"href":"https:\/\/www.partnerafrica-senegal.org\/fr\/wp-json\/wp\/v2\/pages\/58","targetHints":{"allow":["GET"]}}],"collection":[{"href":"https:\/\/www.partnerafrica-senegal.org\/fr\/wp-json\/wp\/v2\/pages"}],"about":[{"href":"https:\/\/www.partnerafrica-senegal.org\/fr\/wp-json\/wp\/v2\/types\/page"}],"author":[{"embeddable":true,"href":"https:\/\/www.partnerafrica-senegal.org\/fr\/wp-json\/wp\/v2\/users\/1"}],"replies":[{"embeddable":true,"href":"https:\/\/www.partnerafrica-senegal.org\/fr\/wp-json\/wp\/v2\/comments?post=58"}],"version-history":[{"count":33,"href":"https:\/\/www.partnerafrica-senegal.org\/fr\/wp-json\/wp\/v2\/pages\/58\/revisions"}],"predecessor-version":[{"id":1963,"href":"https:\/\/www.partnerafrica-senegal.org\/fr\/wp-json\/wp\/v2\/pages\/58\/revisions\/1963"}],"wp:featuredmedia":[{"embeddable":true,"href":"https:\/\/www.partnerafrica-senegal.org\/fr\/wp-json\/wp\/v2\/media\/1909"}],"wp:attachment":[{"href":"https:\/\/www.partnerafrica-senegal.org\/fr\/wp-json\/wp\/v2\/media?parent=58"}],"curies":[{"name":"wp","href":"https:\/\/api.w.org\/{rel}","templated":true}]}}