{"id":59,"date":"2023-04-06T13:52:55","date_gmt":"2023-04-06T13:52:55","guid":{"rendered":"https:\/\/partnerafrica-senegal.hosting9.tn-rechenzentrum1.de\/index.php\/contact\/"},"modified":"2023-05-08T09:31:23","modified_gmt":"2023-05-08T09:31:23","slug":"contact","status":"publish","type":"page","link":"https:\/\/www.partnerafrica-senegal.org\/fr\/contact\/","title":{"rendered":"Contact"},"content":{"rendered":"\n<h1 class=\"wp-block-heading has-text-align-center entry-title w-title\">Vous souhaitez nous partager une id\u00e9e ou participer \u00e0 notre initiative ? Nous vous invitons \u00e0 nous contacter<\/h1>\n\n\n\n<div class=\"wp-block-columns contact_main is-layout-flex wp-container-core-columns-is-layout-9d6595d7 wp-block-columns-is-layout-flex\">\n<div class=\"wp-block-column is-vertically-aligned-center c3 fl1 section-inner f1 is-layout-flow wp-block-column-is-layout-flow\">\n<div class=\"wp-block-columns is-layout-flex wp-container-core-columns-is-layout-9d6595d7 wp-block-columns-is-layout-flex\">\n<div class=\"wp-block-column is-layout-flow wp-block-column-is-layout-flow\">\n<h6 class=\"wp-block-heading contactInfo\">GESAMTMASCHE e. V.<\/h6>\n\n\n\n<p>Confederation of the German Knitting Industry<\/p>\n\n\n\n<p>Ulmer Str. 300, <\/p>\n\n\n\n<p>70327 Stuttgart<\/p>\n\n\n\n<p>Germany<\/p>\n\n\n\n<p><a href=\"http:\/\/www.gesamtmasche.de\" data-type=\"URL\" data-id=\"www.gesamtmasche.de\" target=\"_blank\" rel=\"noreferrer noopener\">www.gesamtmasche.de<\/a><\/p>\n\n\n\n<p>Tel: <a href=\"tel:+49 711 5052841-0\">+49 711 5052841-0<\/a><\/p>\n<\/div>\n\n\n\n<div class=\"wp-block-column is-layout-flow wp-block-column-is-layout-flow\">\n<h6 class=\"wp-block-heading contactInfo\">SODEFITEX<\/h6>\n\n\n\n<p>Organisation mondiale de d\u00e9veloppement<\/p>\n\n\n\n<p>Km 4,5 Boulevard du Centenaire <\/p>\n\n\n\n<p>de la Commune de Dakar<\/p>\n\n\n\n<p> B.P. 3216 Dakar<\/p>\n\n\n\n<p>Senegal<\/p>\n\n\n\n<p><a href=\"https:\/\/www.sodefitex.sn\" data-type=\"URL\" data-id=\"https:\/\/www.sodefitex.sn\" target=\"_blank\" rel=\"noreferrer noopener\">www.sodefitex.sn<\/a><\/p>\n\n\n\n<p>Tel: <a href=\"tel:(+221) 33 889 79 50\">(+221) 33 889 79 50<\/a><\/p>\n<\/div>\n<\/div>\n\n\n\n<div class=\"wp-block-contact-form-7-contact-form-selector\">\n<div class=\"wpcf7 no-js\" id=\"wpcf7-f1966-o1\" lang=\"fr-FR\" dir=\"ltr\" data-wpcf7-id=\"1966\">\n<div class=\"screen-reader-response\"><p role=\"status\" aria-live=\"polite\" aria-atomic=\"true\"><\/p> <ul><\/ul><\/div>\n<form action=\"\/fr\/wp-json\/wp\/v2\/pages\/59#wpcf7-f1966-o1\" method=\"post\" class=\"wpcf7-form init\" id=\"contactForm\" aria-label=\"Formulaire de contact\" novalidate=\"novalidate\" data-status=\"init\">\n<div style=\"display: none;\">\n<input type=\"hidden\" name=\"_wpcf7\" value=\"1966\" \/>\n<input type=\"hidden\" name=\"_wpcf7_version\" value=\"6.0\" \/>\n<input type=\"hidden\" name=\"_wpcf7_locale\" value=\"fr_FR\" \/>\n<input type=\"hidden\" name=\"_wpcf7_unit_tag\" value=\"wpcf7-f1966-o1\" \/>\n<input type=\"hidden\" name=\"_wpcf7_container_post\" value=\"0\" \/>\n<input type=\"hidden\" name=\"_wpcf7_posted_data_hash\" value=\"\" \/>\n<input type=\"hidden\" name=\"_wpcf7_recaptcha_response\" value=\"\" \/>\n<\/div>\n<p><label> *Nom<br \/>\n<span class=\"wpcf7-form-control-wrap\" data-name=\"your-name\"><input size=\"40\" maxlength=\"400\" class=\"wpcf7-form-control wpcf7-text wpcf7-validates-as-required\" aria-required=\"true\" aria-invalid=\"false\" value=\"\" type=\"text\" name=\"your-name\" \/><\/span> <\/label>\n<\/p>\n<p><label> Entreprise<br \/>\n<span class=\"wpcf7-form-control-wrap\" data-name=\"your-company\"><input size=\"40\" maxlength=\"400\" class=\"wpcf7-form-control wpcf7-text\" aria-invalid=\"false\" value=\"\" type=\"text\" name=\"your-company\" \/><\/span> <\/label>\n<\/p>\n<p><label> *Email<br \/>\n<span class=\"wpcf7-form-control-wrap\" data-name=\"your-email\"><input size=\"40\" maxlength=\"400\" class=\"wpcf7-form-control wpcf7-email wpcf7-validates-as-required wpcf7-text wpcf7-validates-as-email\" aria-required=\"true\" aria-invalid=\"false\" value=\"\" type=\"email\" name=\"your-email\" \/><\/span> <\/label>\n<\/p>\n<p><label> Message<br \/>\n<span class=\"wpcf7-form-control-wrap\" data-name=\"your-message\"><textarea cols=\"40\" rows=\"10\" maxlength=\"2000\" class=\"wpcf7-form-control wpcf7-textarea\" aria-invalid=\"false\" name=\"your-message\"><\/textarea><\/span> <\/label>\n<\/p>\n<p><span class=\"wpcf7-form-control-wrap\" data-name=\"agree2\"><span class=\"wpcf7-form-control wpcf7-acceptance\"><span class=\"wpcf7-list-item\"><label><input type=\"checkbox\" name=\"agree2\" value=\"1\" class=\"agree2\" aria-invalid=\"false\" \/><span class=\"wpcf7-list-item-label\">* I consent to the processing and use of my personal data in accordance with the <a target=\"_blank\" class=\"gi1\" href=\"\/en\/privacy-policy\/\">Privacy Policy<\/a>.<\/span><\/label><\/span><\/span><\/span>\n<\/p>\n<span class=\"wpcf7-form-control-wrap recaptcha\" data-name=\"recaptcha\"><span data-sitekey=\"6LcX2DAmAAAAANhQ4pC6SSihW9Haj5I_1Ya0OdUe\" class=\"wpcf7-form-control wpcf7-recaptcha g-recaptcha rcaptcha\"><\/span>\r\n<noscript>\r\n\t<div class=\"grecaptcha-noscript\">\r\n\t\t<iframe loading=\"lazy\" src=\"https:\/\/www.google.com\/recaptcha\/api\/fallback?k=6LcX2DAmAAAAANhQ4pC6SSihW9Haj5I_1Ya0OdUe\" frameborder=\"0\" scrolling=\"no\" width=\"310\" height=\"430\">\r\n\t\t<\/iframe>\r\n\t\t<textarea name=\"g-recaptcha-response\" rows=\"3\" cols=\"40\" placeholder=\"reCaptcha Response Here\">\r\n\t\t<\/textarea>\r\n\t<\/div>\r\n<\/noscript>\r\n<\/span>\n<div class=\"buttonContact\">\n\t<p><input class=\"wpcf7-form-control wpcf7-submit has-spinner\" type=\"submit\" value=\"Envoyer\" \/>\n\t<\/p>\n<\/div><div class=\"wpcf7-response-output\" aria-hidden=\"true\"><\/div>\n<\/form>\n<\/div>\n<\/div>\n<\/div>\n<\/div>\n","protected":false},"excerpt":{"rendered":"<p>Vous souhaitez nous partager une id\u00e9e ou participer \u00e0 notre initiative ? Nous vous invitons \u00e0 nous contacter GESAMTMASCHE e. V. Confederation of the German Knitting Industry Ulmer Str. 300, 70327 Stuttgart Germany www.gesamtmasche.de Tel: +49 711 5052841-0 SODEFITEX Organisation mondiale de d\u00e9veloppement Km 4,5 Boulevard du Centenaire de la Commune de Dakar B.P. 3216 [&hellip;]<\/p>\n","protected":false},"author":1,"featured_media":1413,"parent":0,"menu_order":0,"comment_status":"closed","ping_status":"closed","template":"","meta":{"_acf_changed":false,"inline_featured_image":false,"footnotes":""},"class_list":["post-59","page","type-page","status-publish","has-post-thumbnail","hentry"],"acf":[],"yoast_head":"<!-- This site is optimized with the Yoast SEO plugin v23.8 - https:\/\/yoast.com\/wordpress\/plugins\/seo\/ -->\n<title>Contact - Partnerafrica Senegal<\/title>\n<meta name=\"robots\" content=\"index, follow, max-snippet:-1, max-image-preview:large, max-video-preview:-1\" \/>\n<link rel=\"canonical\" href=\"https:\/\/www.partnerafrica-senegal.org\/fr\/contact\/\" \/>\n<meta property=\"og:locale\" content=\"fr_FR\" \/>\n<meta property=\"og:type\" content=\"article\" \/>\n<meta property=\"og:title\" content=\"Contact - Partnerafrica Senegal\" \/>\n<meta property=\"og:description\" content=\"Vous souhaitez nous partager une id\u00e9e ou participer \u00e0 notre initiative ? Nous vous invitons \u00e0 nous contacter GESAMTMASCHE e. V. Confederation of the German Knitting Industry Ulmer Str. 300, 70327 Stuttgart Germany www.gesamtmasche.de Tel: +49 711 5052841-0 SODEFITEX Organisation mondiale de d\u00e9veloppement Km 4,5 Boulevard du Centenaire de la Commune de Dakar B.P. 3216 [&hellip;]\" \/>\n<meta property=\"og:url\" content=\"https:\/\/www.partnerafrica-senegal.org\/fr\/contact\/\" \/>\n<meta property=\"og:site_name\" content=\"Partnerafrica Senegal\" \/>\n<meta property=\"article:modified_time\" content=\"2023-05-08T09:31:23+00:00\" \/>\n<meta property=\"og:image\" content=\"https:\/\/www.partnerafrica-senegal.org\/wp-content\/uploads\/2023\/04\/Layer-310-scaled.jpg\" \/>\n\t<meta property=\"og:image:width\" content=\"2560\" \/>\n\t<meta property=\"og:image:height\" content=\"1696\" \/>\n\t<meta property=\"og:image:type\" content=\"image\/jpeg\" \/>\n<meta name=\"twitter:card\" content=\"summary_large_image\" \/>\n<script type=\"application\/ld+json\" class=\"yoast-schema-graph\">{\"@context\":\"https:\/\/schema.org\",\"@graph\":[{\"@type\":\"WebPage\",\"@id\":\"https:\/\/www.partnerafrica-senegal.org\/fr\/contact\/\",\"url\":\"https:\/\/www.partnerafrica-senegal.org\/fr\/contact\/\",\"name\":\"Contact - Partnerafrica Senegal\",\"isPartOf\":{\"@id\":\"https:\/\/www.partnerafrica-senegal.org\/en\/#website\"},\"primaryImageOfPage\":{\"@id\":\"https:\/\/www.partnerafrica-senegal.org\/fr\/contact\/#primaryimage\"},\"image\":{\"@id\":\"https:\/\/www.partnerafrica-senegal.org\/fr\/contact\/#primaryimage\"},\"thumbnailUrl\":\"https:\/\/www.partnerafrica-senegal.org\/wp-content\/uploads\/2023\/04\/Layer-310-scaled.jpg\",\"datePublished\":\"2023-04-06T13:52:55+00:00\",\"dateModified\":\"2023-05-08T09:31:23+00:00\",\"breadcrumb\":{\"@id\":\"https:\/\/www.partnerafrica-senegal.org\/fr\/contact\/#breadcrumb\"},\"inLanguage\":\"fr-FR\",\"potentialAction\":[{\"@type\":\"ReadAction\",\"target\":[\"https:\/\/www.partnerafrica-senegal.org\/fr\/contact\/\"]}]},{\"@type\":\"ImageObject\",\"inLanguage\":\"fr-FR\",\"@id\":\"https:\/\/www.partnerafrica-senegal.org\/fr\/contact\/#primaryimage\",\"url\":\"https:\/\/www.partnerafrica-senegal.org\/wp-content\/uploads\/2023\/04\/Layer-310-scaled.jpg\",\"contentUrl\":\"https:\/\/www.partnerafrica-senegal.org\/wp-content\/uploads\/2023\/04\/Layer-310-scaled.jpg\",\"width\":2560,\"height\":1696},{\"@type\":\"BreadcrumbList\",\"@id\":\"https:\/\/www.partnerafrica-senegal.org\/fr\/contact\/#breadcrumb\",\"itemListElement\":[{\"@type\":\"ListItem\",\"position\":1,\"name\":\"Home\",\"item\":\"https:\/\/www.partnerafrica-senegal.org\/fr\/\"},{\"@type\":\"ListItem\",\"position\":2,\"name\":\"Contact\"}]},{\"@type\":\"WebSite\",\"@id\":\"https:\/\/www.partnerafrica-senegal.org\/en\/#website\",\"url\":\"https:\/\/www.partnerafrica-senegal.org\/en\/\",\"name\":\"Partnerafrica Senegal\",\"description\":\"German-Ethiopian Textile Business Partnership\",\"publisher\":{\"@id\":\"https:\/\/www.partnerafrica-senegal.org\/en\/#organization\"},\"potentialAction\":[{\"@type\":\"SearchAction\",\"target\":{\"@type\":\"EntryPoint\",\"urlTemplate\":\"https:\/\/www.partnerafrica-senegal.org\/en\/?s={search_term_string}\"},\"query-input\":{\"@type\":\"PropertyValueSpecification\",\"valueRequired\":true,\"valueName\":\"search_term_string\"}}],\"inLanguage\":\"fr-FR\"},{\"@type\":\"Organization\",\"@id\":\"https:\/\/www.partnerafrica-senegal.org\/en\/#organization\",\"name\":\"Partnerafrica Senegal\",\"url\":\"https:\/\/www.partnerafrica-senegal.org\/en\/\",\"logo\":{\"@type\":\"ImageObject\",\"inLanguage\":\"fr-FR\",\"@id\":\"https:\/\/www.partnerafrica-senegal.org\/en\/#\/schema\/logo\/image\/\",\"url\":\"https:\/\/www.partnerafrica-senegal.org\/wp-content\/uploads\/2023\/04\/logo-gesamtmashe-1.svg\",\"contentUrl\":\"https:\/\/www.partnerafrica-senegal.org\/wp-content\/uploads\/2023\/04\/logo-gesamtmashe-1.svg\",\"width\":150,\"height\":30,\"caption\":\"Partnerafrica Senegal\"},\"image\":{\"@id\":\"https:\/\/www.partnerafrica-senegal.org\/en\/#\/schema\/logo\/image\/\"}}]}<\/script>\n<!-- \/ Yoast SEO plugin. -->","yoast_head_json":{"title":"Contact - Partnerafrica Senegal","robots":{"index":"index","follow":"follow","max-snippet":"max-snippet:-1","max-image-preview":"max-image-preview:large","max-video-preview":"max-video-preview:-1"},"canonical":"https:\/\/www.partnerafrica-senegal.org\/fr\/contact\/","og_locale":"fr_FR","og_type":"article","og_title":"Contact - Partnerafrica Senegal","og_description":"Vous souhaitez nous partager une id\u00e9e ou participer \u00e0 notre initiative ? Nous vous invitons \u00e0 nous contacter GESAMTMASCHE e. V. Confederation of the German Knitting Industry Ulmer Str. 300, 70327 Stuttgart Germany www.gesamtmasche.de Tel: +49 711 5052841-0 SODEFITEX Organisation mondiale de d\u00e9veloppement Km 4,5 Boulevard du Centenaire de la Commune de Dakar B.P. 3216 [&hellip;]","og_url":"https:\/\/www.partnerafrica-senegal.org\/fr\/contact\/","og_site_name":"Partnerafrica Senegal","article_modified_time":"2023-05-08T09:31:23+00:00","og_image":[{"width":2560,"height":1696,"url":"https:\/\/www.partnerafrica-senegal.org\/wp-content\/uploads\/2023\/04\/Layer-310-scaled.jpg","type":"image\/jpeg"}],"twitter_card":"summary_large_image","schema":{"@context":"https:\/\/schema.org","@graph":[{"@type":"WebPage","@id":"https:\/\/www.partnerafrica-senegal.org\/fr\/contact\/","url":"https:\/\/www.partnerafrica-senegal.org\/fr\/contact\/","name":"Contact - Partnerafrica Senegal","isPartOf":{"@id":"https:\/\/www.partnerafrica-senegal.org\/en\/#website"},"primaryImageOfPage":{"@id":"https:\/\/www.partnerafrica-senegal.org\/fr\/contact\/#primaryimage"},"image":{"@id":"https:\/\/www.partnerafrica-senegal.org\/fr\/contact\/#primaryimage"},"thumbnailUrl":"https:\/\/www.partnerafrica-senegal.org\/wp-content\/uploads\/2023\/04\/Layer-310-scaled.jpg","datePublished":"2023-04-06T13:52:55+00:00","dateModified":"2023-05-08T09:31:23+00:00","breadcrumb":{"@id":"https:\/\/www.partnerafrica-senegal.org\/fr\/contact\/#breadcrumb"},"inLanguage":"fr-FR","potentialAction":[{"@type":"ReadAction","target":["https:\/\/www.partnerafrica-senegal.org\/fr\/contact\/"]}]},{"@type":"ImageObject","inLanguage":"fr-FR","@id":"https:\/\/www.partnerafrica-senegal.org\/fr\/contact\/#primaryimage","url":"https:\/\/www.partnerafrica-senegal.org\/wp-content\/uploads\/2023\/04\/Layer-310-scaled.jpg","contentUrl":"https:\/\/www.partnerafrica-senegal.org\/wp-content\/uploads\/2023\/04\/Layer-310-scaled.jpg","width":2560,"height":1696},{"@type":"BreadcrumbList","@id":"https:\/\/www.partnerafrica-senegal.org\/fr\/contact\/#breadcrumb","itemListElement":[{"@type":"ListItem","position":1,"name":"Home","item":"https:\/\/www.partnerafrica-senegal.org\/fr\/"},{"@type":"ListItem","position":2,"name":"Contact"}]},{"@type":"WebSite","@id":"https:\/\/www.partnerafrica-senegal.org\/en\/#website","url":"https:\/\/www.partnerafrica-senegal.org\/en\/","name":"Partnerafrica Senegal","description":"German-Ethiopian Textile Business Partnership","publisher":{"@id":"https:\/\/www.partnerafrica-senegal.org\/en\/#organization"},"potentialAction":[{"@type":"SearchAction","target":{"@type":"EntryPoint","urlTemplate":"https:\/\/www.partnerafrica-senegal.org\/en\/?s={search_term_string}"},"query-input":{"@type":"PropertyValueSpecification","valueRequired":true,"valueName":"search_term_string"}}],"inLanguage":"fr-FR"},{"@type":"Organization","@id":"https:\/\/www.partnerafrica-senegal.org\/en\/#organization","name":"Partnerafrica Senegal","url":"https:\/\/www.partnerafrica-senegal.org\/en\/","logo":{"@type":"ImageObject","inLanguage":"fr-FR","@id":"https:\/\/www.partnerafrica-senegal.org\/en\/#\/schema\/logo\/image\/","url":"https:\/\/www.partnerafrica-senegal.org\/wp-content\/uploads\/2023\/04\/logo-gesamtmashe-1.svg","contentUrl":"https:\/\/www.partnerafrica-senegal.org\/wp-content\/uploads\/2023\/04\/logo-gesamtmashe-1.svg","width":150,"height":30,"caption":"Partnerafrica Senegal"},"image":{"@id":"https:\/\/www.partnerafrica-senegal.org\/en\/#\/schema\/logo\/image\/"}}]}},"_links":{"self":[{"href":"https:\/\/www.partnerafrica-senegal.org\/fr\/wp-json\/wp\/v2\/pages\/59","targetHints":{"allow":["GET"]}}],"collection":[{"href":"https:\/\/www.partnerafrica-senegal.org\/fr\/wp-json\/wp\/v2\/pages"}],"about":[{"href":"https:\/\/www.partnerafrica-senegal.org\/fr\/wp-json\/wp\/v2\/types\/page"}],"author":[{"embeddable":true,"href":"https:\/\/www.partnerafrica-senegal.org\/fr\/wp-json\/wp\/v2\/users\/1"}],"replies":[{"embeddable":true,"href":"https:\/\/www.partnerafrica-senegal.org\/fr\/wp-json\/wp\/v2\/comments?post=59"}],"version-history":[{"count":23,"href":"https:\/\/www.partnerafrica-senegal.org\/fr\/wp-json\/wp\/v2\/pages\/59\/revisions"}],"predecessor-version":[{"id":2053,"href":"https:\/\/www.partnerafrica-senegal.org\/fr\/wp-json\/wp\/v2\/pages\/59\/revisions\/2053"}],"wp:featuredmedia":[{"embeddable":true,"href":"https:\/\/www.partnerafrica-senegal.org\/fr\/wp-json\/wp\/v2\/media\/1413"}],"wp:attachment":[{"href":"https:\/\/www.partnerafrica-senegal.org\/fr\/wp-json\/wp\/v2\/media?parent=59"}],"curies":[{"name":"wp","href":"https:\/\/api.w.org\/{rel}","templated":true}]}}