{"id":63,"date":"2023-04-05T14:43:22","date_gmt":"2023-04-05T14:43:22","guid":{"rendered":"https:\/\/partnerafrica-senegal.hosting9.tn-rechenzentrum1.de\/index.php\/privacy-policy\/"},"modified":"2024-01-22T16:17:45","modified_gmt":"2024-01-22T16:17:45","slug":"politique-de-confidentialite","status":"publish","type":"page","link":"https:\/\/www.partnerafrica-senegal.org\/fr\/politique-de-confidentialite\/","title":{"rendered":"Politique de confidentialit\u00e9"},"content":{"rendered":"\n<h1 class=\"wp-block-heading has-text-align-center entry-title\">Politique de confidentialit\u00e9<\/h1>\n\n\n\n<h2 class=\"wp-block-heading\"> <\/h2>\n\n\n\n<h3 class=\"wp-block-heading\">Note g\u00e9n\u00e9rale et informations obligatoires<\/h3>\n\n\n\n<h4 class=\"wp-block-heading\">D\u00e9signation de l&rsquo;organisme responsable<\/h4>\n\n\n\n<p>Le responsable du traitement des donn\u00e9es sur ce site web est :<\/p>\n\n\n\n<p>Gesamtmasche e.V.<br>Silvia Jungbauer<br>Ulmer Str. 300<br>70327 Stuttgart<\/p>\n\n\n\n<p>L&rsquo;organisme responsable, seul ou conjointement avec d&rsquo;autres, d\u00e9cide des finalit\u00e9s et des moyens du traitement des donn\u00e9es \u00e0 caract\u00e8re personnel (telles que les noms, les coordonn\u00e9es, etc.).<\/p>\n\n\n\n<h4 class=\"wp-block-heading\">R\u00e9vocation de votre consentement au traitement des donn\u00e9es<\/h4>\n\n\n\n<p>Certains processus de traitement des donn\u00e9es ne sont possibles qu&rsquo;avec votre consentement expr\u00e8s. La r\u00e9vocation de votre consentement d\u00e9j\u00e0 donn\u00e9 est possible \u00e0 tout moment. Pour ce faire, il suffit d&rsquo;envoyer un message informel par courrier \u00e9lectronique. La l\u00e9galit\u00e9 du traitement des donn\u00e9es effectu\u00e9 jusqu&rsquo;\u00e0 la r\u00e9vocation n&rsquo;est pas affect\u00e9e par cette derni\u00e8re.<\/p>\n\n\n\n<h4 class=\"wp-block-heading\">Droit de recours aupr\u00e8s de l&rsquo;autorit\u00e9 comp\u00e9tente<\/h4>\n\n\n\n<p>En tant que personne concern\u00e9e, vous disposez d&rsquo;un droit de recours aupr\u00e8s de l&rsquo;autorit\u00e9 de contr\u00f4le comp\u00e9tente en cas de violation de la loi sur la protection des donn\u00e9es. L&rsquo;autorit\u00e9 de contr\u00f4le comp\u00e9tente en mati\u00e8re de protection des donn\u00e9es est le d\u00e9l\u00e9gu\u00e9 \u00e0 la protection des donn\u00e9es de l&rsquo;\u00c9tat f\u00e9d\u00e9ral dans lequel se trouve le si\u00e8ge de notre entreprise. Le lien suivant fournit une liste des d\u00e9l\u00e9gu\u00e9s \u00e0 la protection des donn\u00e9es et leurs coordonn\u00e9es <a rel=\"noopener noreferrer\" href=\"https:\/\/www.bfdi.bund.de\/DE\/Infothek\/Anschriften_Links\/anschriften_links-node.html\" target=\"_blank\">https:\/\/www.bfdi.bund.de\/DE\/Infothek\/Anschriften_Links\/anschriften_links-node.html<\/a>.<\/p>\n\n\n\n<h4 class=\"wp-block-heading\">Droit \u00e0 la portabilit\u00e9 des donn\u00e9es<\/h4>\n\n\n\n<p>Vous avez le droit d&rsquo;obtenir que les donn\u00e9es que nous traitons sur la base de votre consentement ou dans le cadre de l&rsquo;ex\u00e9cution d&rsquo;un contrat vous soient automatiquement communiqu\u00e9es ou soient communiqu\u00e9es \u00e0 des tiers. La mise \u00e0 disposition se fait dans un format lisible par machine. Si vous demandez le transfert direct des donn\u00e9es \u00e0 un autre responsable, cela ne sera fait que dans la mesure o\u00f9 cela est techniquement possible.<\/p>\n\n\n\n<h4 class=\"wp-block-heading\">Droit \u00e0 l&rsquo;information, \u00e0 la rectification, au verrouillage et \u00e0 l&rsquo;effacement<\/h4>\n\n\n\n<p>Vous avez le droit \u00e0 tout moment, dans le cadre des dispositions l\u00e9gales applicables, de fournir gratuitement des informations sur vos donn\u00e9es personnelles stock\u00e9es, la source des donn\u00e9es, leurs destinataires et la finalit\u00e9 du traitement des donn\u00e9es et, si n\u00e9cessaire, un droit de rectification , bloquer ou supprimer ces donn\u00e9es. \u00c0 cet \u00e9gard, ainsi que pour d&rsquo;autres questions sur le sujet des donn\u00e9es personnelles, vous pouvez toujours nous contacter via les options de contact r\u00e9pertori\u00e9es dans les mentions l\u00e9gales.<\/p>\n\n\n\n<h4 class=\"wp-block-heading\">Chiffrement SSL ou TLS<\/h4>\n\n\n\n<p>Pour des raisons de s\u00e9curit\u00e9 et pour prot\u00e9ger la transmission du contenu confidentiel que vous nous envoyez en tant qu&rsquo;op\u00e9rateur du site, notre site Web utilise un protocole SSL ou. Cryptage TLS. Ainsi, les donn\u00e9es que vous soumettez via ce site Web, pour les autres ne sont pas lisibles. Vous reconna\u00eetrez une connexion crypt\u00e9e \u00e0 la barre d&rsquo;adresse \u00ab\u00a0https: \/\/\u00a0\u00bb de votre navigateur et \u00e0 l&rsquo;ic\u00f4ne de cadenas dans la barre du navigateur.<\/p>\n\n\n\n<h4 class=\"wp-block-heading\">Fichiers journaux du serveur<\/h4>\n\n\n\n<p>Dans les fichiers journaux du serveur, le fournisseur du site Web collecte et stocke automatiquement les informations que votre navigateur nous envoie automatiquement. Ce sont&nbsp;:<\/p>\n\n\n\n<p>Page visit\u00e9e sur notre domaine <br>Date et heure de la requ\u00eate du serveur <br>Type de navigateur et version du navigateur <br>Syst\u00e8me d&rsquo;exploitation utilis\u00e9 <br>URL de r\u00e9f\u00e9rence <br>Nom d&rsquo;h\u00f4te de l&rsquo;ordinateur acc\u00e9dant <br>IP adresse<\/p>\n\n\n\n<p>Il n&rsquo;y a pas de fusion de ces donn\u00e9es avec d&rsquo;autres sources de donn\u00e9es. La base du traitement des donn\u00e9es est l&rsquo;art. 6 par. 1 lit. b DSGVO, qui permet le traitement des donn\u00e9es pour ex\u00e9cuter un contrat ou des mesures pr\u00e9contractuelles.<\/p>\n\n\n\n<h4 class=\"wp-block-heading\">Formulaire de contact<\/h4>\n\n\n\n<p>Les donn\u00e9es soumises via le formulaire de contact, y compris vos coordonn\u00e9es, seront stock\u00e9es pour traiter votre demande ou pour \u00eatre disponibles pour des questions de suivi. Une divulgation de ces donn\u00e9es n&rsquo;aura pas lieu sans votre consentement.<\/p>\n\n\n\n<p>Le traitement des donn\u00e9es saisies dans le formulaire de contact s&rsquo;effectue exclusivement sur la base de votre consentement (art. 6 (1) lit. DSGVO). Une r\u00e9vocation de votre consentement d\u00e9j\u00e0 donn\u00e9 est possible \u00e0 tout moment. Pour la r\u00e9vocation suffit un message informel par e-mail. La l\u00e9galit\u00e9 des op\u00e9rations de traitement de donn\u00e9es effectu\u00e9es jusqu&rsquo;\u00e0 la r\u00e9vocation n&rsquo;est pas affect\u00e9e par la r\u00e9vocation.<\/p>\n\n\n\n<p>Les donn\u00e9es soumises via le formulaire de contact resteront avec nous jusqu&rsquo;\u00e0 ce que vous nous demandiez de les supprimer, de r\u00e9voquer votre consentement au stockage ou que vous n&rsquo;ayez plus besoin de conserver vos donn\u00e9es. Les dispositions l\u00e9gales obligatoires &#8211; en particulier les d\u00e9lais de conservation &#8211; restent inchang\u00e9es.<\/p>\n\n\n\n<h4 class=\"wp-block-heading\">Cookies<\/h4>\n\n\n\n<p>Notre site Web utilise des cookies. Ce sont de petits fichiers texte que votre navigateur Web stocke sur votre appareil. Les cookies nous aident \u00e0 rendre notre offre plus conviviale, efficace et s\u00e9curis\u00e9e.<\/p>\n\n\n\n<p>Certains cookies sont des \u00ab\u00a0cookies de session\u00a0\u00bb. Ces cookies sont automatiquement supprim\u00e9s apr\u00e8s la fin de votre session de navigation. En revanche, d&rsquo;autres cookies restent sur votre appareil jusqu&rsquo;\u00e0 ce que vous les supprimiez vous-m\u00eame. Ces cookies nous aident \u00e0 vous reconna\u00eetre lorsque vous revenez sur notre site Web.<\/p>\n\n\n\n<p>Avec un navigateur Web moderne, vous pouvez surveiller, restreindre ou emp\u00eacher l&rsquo;installation de cookies. De nombreux navigateurs Web peuvent \u00eatre configur\u00e9s pour supprimer automatiquement les cookies lorsque le programme est ferm\u00e9. La d\u00e9sactivation des cookies peut entra\u00eener une fonctionnalit\u00e9 limit\u00e9e de notre site Web.<\/p>\n\n\n\n<p>L&rsquo;installation de cookies, qui sont n\u00e9cessaires \u00e0 l&rsquo;ex\u00e9cution des processus de communication \u00e9lectronique ou \u00e0 la fourniture de certaines fonctions que vous souhaitez (par exemple, le panier d&rsquo;achat), s&rsquo;effectue sur la base de l&rsquo;art. 6 par. f DSGVO. En tant qu&rsquo;exploitant de ce site Web, nous avons un int\u00e9r\u00eat l\u00e9gitime au stockage de cookies pour la fourniture techniquement parfaite et fluide de nos services. Si d&rsquo;autres cookies sont d\u00e9finis (par exemple pour des fonctions d&rsquo;analyse), ils seront trait\u00e9s s\u00e9par\u00e9ment dans cette politique de confidentialit\u00e9.<\/p>\n\n\n<p><strong>Cookies indispensables<\/strong> Ces cookies sont n\u00e9cessaires au bon fonctionnement de la boutique en ligne et ne peuvent pas \u00eatre d\u00e9sactiv\u00e9s. Ils contiennent les r\u00e9glages que vous avez effectu\u00e9s vous-m\u00eame dans la boutique, par ex. langue, devise, session de connexion (pour rester connect\u00e9 entre les changements de page), param\u00e8tres de confidentialit\u00e9. Vous pouvez param\u00e9trer votre navigateur pour bloquer ces cookies, mais la boutique ne fonctionnera que dans une mesure limit\u00e9e ou pas du tout.<\/p>\n<div class=\"BorlabsCookie\"><h3 class=\"_brlbs _brlbs-cg-essential\">Essential<\/h3><p class=\"_brlbs _brlbs-cg-essential\">Essential cookies enable basic functions and are necessary for the proper function of the website.<\/p><h4 class=\"_brlbs _brlbs-c-borlabs-cookie\">Borlabs Cookie<\/h4><div class=\"_brlbs-responsive-table\"><table class=\"_brlbs _brlbs-c-borlabs-cookie\"><tr><th>Name<\/th><td>Borlabs Cookie<\/td><\/tr><tr><th>Provider<\/th><td>Owner of this website<\/td><\/tr><tr><th>Purpose<\/th><td>Saves the visitors preferences selected in the Cookie Box of Borlabs Cookie.<\/td><\/tr><tr><th>Cookie Name<\/th><td>borlabs-cookie<\/td><\/tr><tr><th>Cookie Expiry<\/th><td>1 Year<\/td><\/tr><\/table><\/div><h4 class=\"_brlbs _brlbs-c-__wpdm_client\">__wpdm_client<\/h4><div class=\"_brlbs-responsive-table\"><table class=\"_brlbs _brlbs-c-__wpdm_client\"><tr><th>Name<\/th><td>__wpdm_client<\/td><\/tr><tr><th>Provider<\/th><td>https:\/\/www.partnerafrica-senegal.org\/<\/td><\/tr><tr><th>Purpose<\/th><td>0c2467435903b2a49183c97ba6517df5<\/td><\/tr><tr><th>Privacy Policy<\/th><td><a href=\"https:\/\/www.partnerafrica-senegal.org\/privacy-policy\/\" target=\"_blank\" rel=\"nofollow noopener noreferrer\">https:\/\/www.partnerafrica-senegal.org\/privacy-policy\/<\/a><\/td><\/tr><tr><th>Cookie Name<\/th><td>__wpdm_client<\/td><\/tr><tr><th>Cookie Expiry<\/th><td>Session<\/td><\/tr><\/table><\/div><h4 class=\"_brlbs _brlbs-c-wp-wpml_current_language\">wp-wpml_current_language<\/h4><div class=\"_brlbs-responsive-table\"><table class=\"_brlbs _brlbs-c-wp-wpml_current_language\"><tr><th>Name<\/th><td>wp-wpml_current_language<\/td><\/tr><tr><th>Provider<\/th><td>https:\/\/www.partnerafrica-senegal.org\/<\/td><\/tr><tr><th>Purpose<\/th><td>*lang code*<\/td><\/tr><tr><th>Privacy Policy<\/th><td><a href=\"https:\/\/www.partnerafrica-senegal.org\/privacy-policy\/\" target=\"_blank\" rel=\"nofollow noopener noreferrer\">https:\/\/www.partnerafrica-senegal.org\/privacy-policy\/<\/a><\/td><\/tr><tr><th>Cookie Name<\/th><td>wp-wpml_current_language<\/td><\/tr><tr><th>Cookie Expiry<\/th><td>Session<\/td><\/tr><\/table><\/div><h3 class=\"_brlbs _brlbs-cg-statistics\">Statistics<\/h3><p class=\"_brlbs _brlbs-cg-statistics\">Statistics cookies collect information anonymously. This information helps us to understand how our visitors use our website.<\/p><h3 class=\"_brlbs _brlbs-cg-marketing\">Marketing<\/h3><p class=\"_brlbs _brlbs-cg-marketing\">Marketing cookies are used by third-party advertisers or publishers to display personalized ads. They do this by tracking visitors across websites.<\/p><h3 class=\"_brlbs _brlbs-cg-external-media\">External Media<\/h3><p class=\"_brlbs _brlbs-cg-external-media\">Content from video platforms and social media platforms is blocked by default. If External Media cookies are accepted, access to those contents no longer requires manual consent.<\/p><\/div>\n<p><!-- 2 --><\/p>\n<p><strong>Demandes de tiers.<\/strong> Lors de l&rsquo;utilisation de ce site, certaines donn\u00e9es d&rsquo;acc\u00e8s seront transmises \u00e0 des tiers. Cela se produit parce que des scripts et des services tiers sont utilis\u00e9s pour assurer l&rsquo;apparence du site. Des polices externes (Google Fonts) sont utilis\u00e9es sur notre site Web. Google Fonts est un service de Google Inc. (\u00ab Google \u00bb). Google est certifi\u00e9 dans le cadre de l&rsquo;accord Privacy Shield et offre ainsi la garantie qu&rsquo;il se conformera \u00e0 la loi europ\u00e9enne sur la protection des donn\u00e9esw <a href=\"https:\/\/www.privacyshield.gov\/participant?id=a2zt0000000GnywAAC\" target=\"_blank\" rel=\"noopener noreferrer\">Link<\/a>.Ces polices Web sont int\u00e9gr\u00e9es en appelant un serveur, g\u00e9n\u00e9ralement un serveur Google aux \u00c9tats-Unis. Cela indique au serveur lequel de nos sites Web vous avez visit\u00e9. Google stocke \u00e9galement l&rsquo;adresse IP du navigateur de l&rsquo;appareil final du visiteur sur ce site Web. Vous pouvez trouver plus d&rsquo;informations dans les informations sur la protection des donn\u00e9es de Google, auxquelles vous pouvez acc\u00e9der ici <a href=\"https:\/\/developers.google.com\/fonts\/faq\" target=\"_blank\" rel=\"noopener noreferrer\">https:\/\/developers.google.com\/fonts\/faq<\/a> <a href=\"http:\/\/www.google.com\/policies\/privacy\/\" target=\"_blank\" rel=\"noopener noreferrer\">www.google.com\/policies\/privacy\/<\/a> Ce site Web utilise le service externe du framework frontal Bootstrap4 pour l&rsquo;optimisation du code. Les donn\u00e9es personnelles (adresse IP) sont transmises aux serveurs de <a href=\"https:\/\/getbootstrap.com\" target=\"_blank\" rel=\"noopener noreferrer\">https:\/\/getbootstrap.com<\/a>. Les emplacements des serveurs du fournisseur peuvent \u00e9galement se trouver en dehors de l&rsquo;UE. Des d\u00e9tails sur les informations de protection des donn\u00e9es du fournisseur peuvent \u00eatre trouv\u00e9s ici <a href=\"https:\/\/bootstrap4.com\/privacy\" target=\"_blank\" rel=\"noopener noreferrer\">https:\/\/bootstrap4.com\/privacy<\/a><\/p>\n\n\n<div class=\"wp-block-columns is-layout-flex wp-container-core-columns-is-layout-9d6595d7 wp-block-columns-is-layout-flex\">\n<div class=\"wp-block-column is-layout-flow wp-block-column-is-layout-flow\"><a href=\"#\" class=\"_brlbs-btn-cookie-preference borlabs-cookie-preference\">Administrer vos param\u00e8tres de cookies<\/a>\n<\/div>\n<\/div>\n","protected":false},"excerpt":{"rendered":"<p>Politique de confidentialit\u00e9 Note g\u00e9n\u00e9rale et informations obligatoires D\u00e9signation de l&rsquo;organisme responsable Le responsable du traitement des donn\u00e9es sur ce site web est : Gesamtmasche e.V.Silvia JungbauerUlmer Str. 30070327 Stuttgart L&rsquo;organisme responsable, seul ou conjointement avec d&rsquo;autres, d\u00e9cide des finalit\u00e9s et des moyens du traitement des donn\u00e9es \u00e0 caract\u00e8re personnel (telles que les noms, les [&hellip;]<\/p>\n","protected":false},"author":1,"featured_media":1413,"parent":0,"menu_order":0,"comment_status":"closed","ping_status":"closed","template":"","meta":{"_acf_changed":false,"inline_featured_image":false,"footnotes":""},"class_list":["post-63","page","type-page","status-publish","has-post-thumbnail","hentry"],"acf":[],"yoast_head":"<!-- This site is optimized with the Yoast SEO plugin v23.8 - https:\/\/yoast.com\/wordpress\/plugins\/seo\/ -->\n<title>Politique de confidentialit\u00e9 - Partnerafrica Senegal<\/title>\n<meta name=\"robots\" content=\"index, follow, max-snippet:-1, max-image-preview:large, max-video-preview:-1\" \/>\n<link rel=\"canonical\" href=\"https:\/\/www.partnerafrica-senegal.org\/fr\/politique-de-confidentialite\/\" \/>\n<meta property=\"og:locale\" content=\"fr_FR\" \/>\n<meta property=\"og:type\" content=\"article\" \/>\n<meta property=\"og:title\" content=\"Politique de confidentialit\u00e9 - Partnerafrica Senegal\" \/>\n<meta property=\"og:description\" content=\"Politique de confidentialit\u00e9 Note g\u00e9n\u00e9rale et informations obligatoires D\u00e9signation de l&rsquo;organisme responsable Le responsable du traitement des donn\u00e9es sur ce site web est : Gesamtmasche e.V.Silvia JungbauerUlmer Str. 30070327 Stuttgart L&rsquo;organisme responsable, seul ou conjointement avec d&rsquo;autres, d\u00e9cide des finalit\u00e9s et des moyens du traitement des donn\u00e9es \u00e0 caract\u00e8re personnel (telles que les noms, les [&hellip;]\" \/>\n<meta property=\"og:url\" content=\"https:\/\/www.partnerafrica-senegal.org\/fr\/politique-de-confidentialite\/\" \/>\n<meta property=\"og:site_name\" content=\"Partnerafrica Senegal\" \/>\n<meta property=\"article:modified_time\" content=\"2024-01-22T16:17:45+00:00\" \/>\n<meta property=\"og:image\" content=\"https:\/\/www.partnerafrica-senegal.org\/wp-content\/uploads\/2023\/04\/Layer-310-scaled.jpg\" \/>\n\t<meta property=\"og:image:width\" content=\"2560\" \/>\n\t<meta property=\"og:image:height\" content=\"1696\" \/>\n\t<meta property=\"og:image:type\" content=\"image\/jpeg\" \/>\n<meta name=\"twitter:card\" content=\"summary_large_image\" \/>\n<meta name=\"twitter:label1\" content=\"Dur\u00e9e de lecture estim\u00e9e\" \/>\n\t<meta name=\"twitter:data1\" content=\"6 minutes\" \/>\n<script type=\"application\/ld+json\" class=\"yoast-schema-graph\">{\"@context\":\"https:\/\/schema.org\",\"@graph\":[{\"@type\":\"WebPage\",\"@id\":\"https:\/\/www.partnerafrica-senegal.org\/fr\/politique-de-confidentialite\/\",\"url\":\"https:\/\/www.partnerafrica-senegal.org\/fr\/politique-de-confidentialite\/\",\"name\":\"Politique de confidentialit\u00e9 - Partnerafrica Senegal\",\"isPartOf\":{\"@id\":\"https:\/\/www.partnerafrica-senegal.org\/en\/#website\"},\"primaryImageOfPage\":{\"@id\":\"https:\/\/www.partnerafrica-senegal.org\/fr\/politique-de-confidentialite\/#primaryimage\"},\"image\":{\"@id\":\"https:\/\/www.partnerafrica-senegal.org\/fr\/politique-de-confidentialite\/#primaryimage\"},\"thumbnailUrl\":\"https:\/\/www.partnerafrica-senegal.org\/wp-content\/uploads\/2023\/04\/Layer-310-scaled.jpg\",\"datePublished\":\"2023-04-05T14:43:22+00:00\",\"dateModified\":\"2024-01-22T16:17:45+00:00\",\"breadcrumb\":{\"@id\":\"https:\/\/www.partnerafrica-senegal.org\/fr\/politique-de-confidentialite\/#breadcrumb\"},\"inLanguage\":\"fr-FR\",\"potentialAction\":[{\"@type\":\"ReadAction\",\"target\":[\"https:\/\/www.partnerafrica-senegal.org\/fr\/politique-de-confidentialite\/\"]}]},{\"@type\":\"ImageObject\",\"inLanguage\":\"fr-FR\",\"@id\":\"https:\/\/www.partnerafrica-senegal.org\/fr\/politique-de-confidentialite\/#primaryimage\",\"url\":\"https:\/\/www.partnerafrica-senegal.org\/wp-content\/uploads\/2023\/04\/Layer-310-scaled.jpg\",\"contentUrl\":\"https:\/\/www.partnerafrica-senegal.org\/wp-content\/uploads\/2023\/04\/Layer-310-scaled.jpg\",\"width\":2560,\"height\":1696},{\"@type\":\"BreadcrumbList\",\"@id\":\"https:\/\/www.partnerafrica-senegal.org\/fr\/politique-de-confidentialite\/#breadcrumb\",\"itemListElement\":[{\"@type\":\"ListItem\",\"position\":1,\"name\":\"Home\",\"item\":\"https:\/\/www.partnerafrica-senegal.org\/fr\/\"},{\"@type\":\"ListItem\",\"position\":2,\"name\":\"Politique de confidentialit\u00e9\"}]},{\"@type\":\"WebSite\",\"@id\":\"https:\/\/www.partnerafrica-senegal.org\/en\/#website\",\"url\":\"https:\/\/www.partnerafrica-senegal.org\/en\/\",\"name\":\"Partnerafrica Senegal\",\"description\":\"German-Ethiopian Textile Business Partnership\",\"publisher\":{\"@id\":\"https:\/\/www.partnerafrica-senegal.org\/en\/#organization\"},\"potentialAction\":[{\"@type\":\"SearchAction\",\"target\":{\"@type\":\"EntryPoint\",\"urlTemplate\":\"https:\/\/www.partnerafrica-senegal.org\/en\/?s={search_term_string}\"},\"query-input\":{\"@type\":\"PropertyValueSpecification\",\"valueRequired\":true,\"valueName\":\"search_term_string\"}}],\"inLanguage\":\"fr-FR\"},{\"@type\":\"Organization\",\"@id\":\"https:\/\/www.partnerafrica-senegal.org\/en\/#organization\",\"name\":\"Partnerafrica Senegal\",\"url\":\"https:\/\/www.partnerafrica-senegal.org\/en\/\",\"logo\":{\"@type\":\"ImageObject\",\"inLanguage\":\"fr-FR\",\"@id\":\"https:\/\/www.partnerafrica-senegal.org\/en\/#\/schema\/logo\/image\/\",\"url\":\"https:\/\/www.partnerafrica-senegal.org\/wp-content\/uploads\/2023\/04\/logo-gesamtmashe-1.svg\",\"contentUrl\":\"https:\/\/www.partnerafrica-senegal.org\/wp-content\/uploads\/2023\/04\/logo-gesamtmashe-1.svg\",\"width\":150,\"height\":30,\"caption\":\"Partnerafrica Senegal\"},\"image\":{\"@id\":\"https:\/\/www.partnerafrica-senegal.org\/en\/#\/schema\/logo\/image\/\"}}]}<\/script>\n<!-- \/ Yoast SEO plugin. -->","yoast_head_json":{"title":"Politique de confidentialit\u00e9 - Partnerafrica Senegal","robots":{"index":"index","follow":"follow","max-snippet":"max-snippet:-1","max-image-preview":"max-image-preview:large","max-video-preview":"max-video-preview:-1"},"canonical":"https:\/\/www.partnerafrica-senegal.org\/fr\/politique-de-confidentialite\/","og_locale":"fr_FR","og_type":"article","og_title":"Politique de confidentialit\u00e9 - Partnerafrica Senegal","og_description":"Politique de confidentialit\u00e9 Note g\u00e9n\u00e9rale et informations obligatoires D\u00e9signation de l&rsquo;organisme responsable Le responsable du traitement des donn\u00e9es sur ce site web est : Gesamtmasche e.V.Silvia JungbauerUlmer Str. 30070327 Stuttgart L&rsquo;organisme responsable, seul ou conjointement avec d&rsquo;autres, d\u00e9cide des finalit\u00e9s et des moyens du traitement des donn\u00e9es \u00e0 caract\u00e8re personnel (telles que les noms, les [&hellip;]","og_url":"https:\/\/www.partnerafrica-senegal.org\/fr\/politique-de-confidentialite\/","og_site_name":"Partnerafrica Senegal","article_modified_time":"2024-01-22T16:17:45+00:00","og_image":[{"width":2560,"height":1696,"url":"https:\/\/www.partnerafrica-senegal.org\/wp-content\/uploads\/2023\/04\/Layer-310-scaled.jpg","type":"image\/jpeg"}],"twitter_card":"summary_large_image","twitter_misc":{"Dur\u00e9e de lecture estim\u00e9e":"6 minutes"},"schema":{"@context":"https:\/\/schema.org","@graph":[{"@type":"WebPage","@id":"https:\/\/www.partnerafrica-senegal.org\/fr\/politique-de-confidentialite\/","url":"https:\/\/www.partnerafrica-senegal.org\/fr\/politique-de-confidentialite\/","name":"Politique de confidentialit\u00e9 - Partnerafrica Senegal","isPartOf":{"@id":"https:\/\/www.partnerafrica-senegal.org\/en\/#website"},"primaryImageOfPage":{"@id":"https:\/\/www.partnerafrica-senegal.org\/fr\/politique-de-confidentialite\/#primaryimage"},"image":{"@id":"https:\/\/www.partnerafrica-senegal.org\/fr\/politique-de-confidentialite\/#primaryimage"},"thumbnailUrl":"https:\/\/www.partnerafrica-senegal.org\/wp-content\/uploads\/2023\/04\/Layer-310-scaled.jpg","datePublished":"2023-04-05T14:43:22+00:00","dateModified":"2024-01-22T16:17:45+00:00","breadcrumb":{"@id":"https:\/\/www.partnerafrica-senegal.org\/fr\/politique-de-confidentialite\/#breadcrumb"},"inLanguage":"fr-FR","potentialAction":[{"@type":"ReadAction","target":["https:\/\/www.partnerafrica-senegal.org\/fr\/politique-de-confidentialite\/"]}]},{"@type":"ImageObject","inLanguage":"fr-FR","@id":"https:\/\/www.partnerafrica-senegal.org\/fr\/politique-de-confidentialite\/#primaryimage","url":"https:\/\/www.partnerafrica-senegal.org\/wp-content\/uploads\/2023\/04\/Layer-310-scaled.jpg","contentUrl":"https:\/\/www.partnerafrica-senegal.org\/wp-content\/uploads\/2023\/04\/Layer-310-scaled.jpg","width":2560,"height":1696},{"@type":"BreadcrumbList","@id":"https:\/\/www.partnerafrica-senegal.org\/fr\/politique-de-confidentialite\/#breadcrumb","itemListElement":[{"@type":"ListItem","position":1,"name":"Home","item":"https:\/\/www.partnerafrica-senegal.org\/fr\/"},{"@type":"ListItem","position":2,"name":"Politique de confidentialit\u00e9"}]},{"@type":"WebSite","@id":"https:\/\/www.partnerafrica-senegal.org\/en\/#website","url":"https:\/\/www.partnerafrica-senegal.org\/en\/","name":"Partnerafrica Senegal","description":"German-Ethiopian Textile Business Partnership","publisher":{"@id":"https:\/\/www.partnerafrica-senegal.org\/en\/#organization"},"potentialAction":[{"@type":"SearchAction","target":{"@type":"EntryPoint","urlTemplate":"https:\/\/www.partnerafrica-senegal.org\/en\/?s={search_term_string}"},"query-input":{"@type":"PropertyValueSpecification","valueRequired":true,"valueName":"search_term_string"}}],"inLanguage":"fr-FR"},{"@type":"Organization","@id":"https:\/\/www.partnerafrica-senegal.org\/en\/#organization","name":"Partnerafrica Senegal","url":"https:\/\/www.partnerafrica-senegal.org\/en\/","logo":{"@type":"ImageObject","inLanguage":"fr-FR","@id":"https:\/\/www.partnerafrica-senegal.org\/en\/#\/schema\/logo\/image\/","url":"https:\/\/www.partnerafrica-senegal.org\/wp-content\/uploads\/2023\/04\/logo-gesamtmashe-1.svg","contentUrl":"https:\/\/www.partnerafrica-senegal.org\/wp-content\/uploads\/2023\/04\/logo-gesamtmashe-1.svg","width":150,"height":30,"caption":"Partnerafrica Senegal"},"image":{"@id":"https:\/\/www.partnerafrica-senegal.org\/en\/#\/schema\/logo\/image\/"}}]}},"_links":{"self":[{"href":"https:\/\/www.partnerafrica-senegal.org\/fr\/wp-json\/wp\/v2\/pages\/63","targetHints":{"allow":["GET"]}}],"collection":[{"href":"https:\/\/www.partnerafrica-senegal.org\/fr\/wp-json\/wp\/v2\/pages"}],"about":[{"href":"https:\/\/www.partnerafrica-senegal.org\/fr\/wp-json\/wp\/v2\/types\/page"}],"author":[{"embeddable":true,"href":"https:\/\/www.partnerafrica-senegal.org\/fr\/wp-json\/wp\/v2\/users\/1"}],"replies":[{"embeddable":true,"href":"https:\/\/www.partnerafrica-senegal.org\/fr\/wp-json\/wp\/v2\/comments?post=63"}],"version-history":[{"count":19,"href":"https:\/\/www.partnerafrica-senegal.org\/fr\/wp-json\/wp\/v2\/pages\/63\/revisions"}],"predecessor-version":[{"id":2472,"href":"https:\/\/www.partnerafrica-senegal.org\/fr\/wp-json\/wp\/v2\/pages\/63\/revisions\/2472"}],"wp:featuredmedia":[{"embeddable":true,"href":"https:\/\/www.partnerafrica-senegal.org\/fr\/wp-json\/wp\/v2\/media\/1413"}],"wp:attachment":[{"href":"https:\/\/www.partnerafrica-senegal.org\/fr\/wp-json\/wp\/v2\/media?parent=63"}],"curies":[{"name":"wp","href":"https:\/\/api.w.org\/{rel}","templated":true}]}}